{"id":2561,"date":"2020-08-14T07:54:25","date_gmt":"2020-08-14T06:54:25","guid":{"rendered":"https:\/\/seberaltubeikastola.eus\/?page_id=2561"},"modified":"2022-09-29T20:48:54","modified_gmt":"2022-09-29T19:48:54","slug":"quienes-somos","status":"publish","type":"page","link":"https:\/\/seberaltubeikastola.eus\/es\/ikastola\/quienes-somos\/","title":{"rendered":"\u00bfQuienes somos?"},"content":{"rendered":"<section class=\"l-section wpb_row height_medium width_full\"><div class=\"l-section-h i-cf\"><div class=\"g-cols vc_row via_flex valign_top type_default stacking_default\"><div class=\"vc_col-sm-12 wpb_column vc_column_container\"><div class=\"vc_column-inner\"><div class=\"wpb_wrapper\"><div class=\"wpb_text_column\"><div class=\"wpb_wrapper\"><p>La Ikastola Seber Altube est\u00e1 formada por 713 alumn@s, 412 familias y 56 profesionales. Somos una cooperativa educativa con car\u00e1cter de utilidad p\u00fablica, sin \u00e1nimo de lucro y surgida de la iniciativa popular. Siendo una cooperativa de familias, el auzolan y la participaci\u00f3n son la base de nuestro funcionamiento.<\/p>\n<p>Ofrecemos una educaci\u00f3n de 0 a 16 a\u00f1os. Al final de este recorrido reflexionamos sobre el tipo de personas que nos gustar\u00eda se conviertan y acordamos el perfil de salida del alumnado: euskaldunes pluriling\u00fces, cr\u00edtic@s, felices, creativ@s, educad@s en la coeducaci\u00f3n, que sepan comunicar, que participen, que est\u00e9n preparad@s, que est\u00e9n comprometid@s, que cuiden el medio ambiente&#8230;<\/p>\n<p>Este perfil de salida se ha basado en un marco pedag\u00f3gico general que se adapta a la edad y al curr\u00edculo del alumnado en la mejora continua.<\/p>\n<p>Como cooperativa educativa de las familias, el auzolan y la participaci\u00f3n son la base de nuestro funcionamiento.<\/p>\n<p>Pertenecemos a la Asociaci\u00f3n de Ikastolas de Euskal Herria. En la actualidad participamos 112 ikastolas de toda Euskal Herria, 4.500 profesor@s, 500 trabajador@s no docentes y 57.322 alumn@s. Tenemos un modelo educativo propio, tenemos como base el curr\u00edculo vasco y compartimos materiales did\u00e1cticos y planteamientos pedag\u00f3gicos propios con el resto de las Ikastolas.<\/p>\n<p>Hemos nacido del pueblo y para el pueblo. Por eso intentamos ser parte activa de las iniciativas y proyectos de Gernika-Lumo y fomentamos la colaboraci\u00f3n con el resto de agentes y centros educativos.<\/p>\n<\/div><\/div><h2 class=\"w-itext us_custom_c0f24a2b has_text_color type_typingChars align_center\" style=\"--itext-transition-duration:0.1s;--itext-timing-function:cubic-bezier(.86,0,.07,1);\" onclick='return {&quot;duration&quot;:100,&quot;delay&quot;:1000}'><span class=\"w-itext-part\"><span class=\"w-itext-state state-0 is-active\">Herritik eta herriarentzat<\/span><span class=\"w-itext-state state-1\">Etorkizuna eraikitzen<\/span><\/span><i class=\"w-itext-cursor\"><\/i><\/h2><div class=\"wpb_text_column us_custom_2ae65f69\"><div class=\"wpb_wrapper\"><p>Seber Altube Ikastola<\/p>\n<\/div><\/div><div class=\"w-separator size_small\"><\/div><div class=\"g-cols wpb_row via_flex valign_top type_default stacking_default\"><div class=\"vc_col-sm-12 wpb_column vc_column_container\"><div class=\"vc_column-inner\"><div class=\"wpb_wrapper\"><div class=\"w-video align_none ratio_16x9 has_iframe\"><div class=\"w-video-h\"><iframe title=\"Youtube video player\" src=\"\/\/www.youtube.com\/embed\/7o03GQp_nKc?autoplay=0&controls=1&origin=https:\/\/seberaltubeikastola.eus\/es\/&loop=0&mute=0\" allowfullscreen=\"1\" loading=\"lazy\"><\/iframe><\/div><\/div><\/div><\/div><\/div><\/div><\/div><\/div><\/div><\/div><\/div><\/section>\n","protected":false},"excerpt":{"rendered":"La Ikastola Seber Altube est\u00e1 formada por 713 alumn@s, 412 familias y 56 profesionales. Somos una cooperativa educativa con car\u00e1cter de utilidad p\u00fablica, sin \u00e1nimo de lucro y surgida de la iniciativa popular. Siendo una cooperativa de familias, el auzolan y la participaci\u00f3n son la base de nuestro funcionamiento. Ofrecemos una educaci\u00f3n de 0 a...","protected":false},"author":6,"featured_media":0,"parent":2632,"menu_order":0,"comment_status":"closed","ping_status":"closed","template":"","meta":{"_acf_changed":false,"footnotes":""},"class_list":["post-2561","page","type-page","status-publish","hentry"],"acf":[],"_links":{"self":[{"href":"https:\/\/seberaltubeikastola.eus\/es\/wp-json\/wp\/v2\/pages\/2561","targetHints":{"allow":["GET"]}}],"collection":[{"href":"https:\/\/seberaltubeikastola.eus\/es\/wp-json\/wp\/v2\/pages"}],"about":[{"href":"https:\/\/seberaltubeikastola.eus\/es\/wp-json\/wp\/v2\/types\/page"}],"author":[{"embeddable":true,"href":"https:\/\/seberaltubeikastola.eus\/es\/wp-json\/wp\/v2\/users\/6"}],"replies":[{"embeddable":true,"href":"https:\/\/seberaltubeikastola.eus\/es\/wp-json\/wp\/v2\/comments?post=2561"}],"version-history":[{"count":5,"href":"https:\/\/seberaltubeikastola.eus\/es\/wp-json\/wp\/v2\/pages\/2561\/revisions"}],"predecessor-version":[{"id":3127,"href":"https:\/\/seberaltubeikastola.eus\/es\/wp-json\/wp\/v2\/pages\/2561\/revisions\/3127"}],"up":[{"embeddable":true,"href":"https:\/\/seberaltubeikastola.eus\/es\/wp-json\/wp\/v2\/pages\/2632"}],"wp:attachment":[{"href":"https:\/\/seberaltubeikastola.eus\/es\/wp-json\/wp\/v2\/media?parent=2561"}],"curies":[{"name":"wp","href":"https:\/\/api.w.org\/{rel}","templated":true}]}}