{"id":2567,"date":"2020-08-14T07:50:57","date_gmt":"2020-08-14T06:50:57","guid":{"rendered":"https:\/\/seberaltubeikastola.eus\/?page_id=2567"},"modified":"2022-09-29T20:53:57","modified_gmt":"2022-09-29T19:53:57","slug":"historia","status":"publish","type":"page","link":"https:\/\/seberaltubeikastola.eus\/es\/ikastola\/historia\/","title":{"rendered":"Historia"},"content":{"rendered":"<section class=\"l-section wpb_row height_medium width_full\"><div class=\"l-section-h i-cf\"><div class=\"g-cols vc_row via_flex valign_top type_default stacking_default\"><div class=\"vc_col-sm-12 wpb_column vc_column_container\"><div class=\"vc_column-inner\"><div class=\"wpb_wrapper\"><div class=\"g-cols wpb_row via_flex valign_top type_default stacking_default\"><div class=\"vc_col-sm-12 wpb_column vc_column_container\"><div class=\"vc_column-inner\"><div class=\"wpb_wrapper\"><div class=\"wpb_text_column\"><div class=\"wpb_wrapper\"><p>Hace m\u00e1s de un siglo que surgieron las primeras ikastolas centradas en educar en el amor al euskera y al pueblo. A partir de los a\u00f1os 60, gracias a la iniciativa e ilusi\u00f3n de la ciudadan\u00eda, surgi\u00f3 en toda Euskal Herria un amplio movimiento de ikastolas que so\u00f1aba con una escuela vasca. Las ikastolas son el s\u00edmbolo de nuestro pueblo: el s\u00edmbolo y el logro gigantesco y bello de lo que podemos conseguir jun@ts cuando so\u00f1amos.<\/p>\n<p>Recordamos aquellos a\u00f1os iniciales: pobres en lo material, ricos en ilusiones. A base de auzolan, sabiendo que lo que estaban construyendo era mayor que ell@s. Recordamos a las primeras familias que se mostraron dispuestas a arriesgar por sus hij@s y por l@s dem\u00e1s. Primer@s profesor@s: con ilusi\u00f3n, cari\u00f1o, ofreciendo lo mejor que ten\u00edan. Y acertaron. Acertamos.<\/p>\n<p>El 30 de agosto de 1966 se fund\u00f3 la ikastola Seber Altube con doce alumn@s y profesor@s. En aquellos primeros a\u00f1os, tuvo como cobijo el Centro C\u00edvico que pertenec\u00eda a la Iglesia. La ilusi\u00f3n y el trabajo de much@s gernikarras hizo posible aquel proyecto que parec\u00eda imposible. Nuestro mayor agradecimiento es para ell@s: porque gracias a ell@s somos y ser\u00e1n.<\/p>\n<p>Y aqu\u00ed estamos, l@s descendientes de aquella generaci\u00f3n, dispuest@s a seguir el camino: en movimiento, junto con el resto de ikastolas, colaborando con los agentes y escuelas del pueblo. Porque tambi\u00e9n aprenderemos a desaprender, a abrir nuevos caminos para nuevos retos. En eso estamos, en el camino, junt@s.<\/p>\n<p>Estos son los acontecimientos m\u00e1s importantes de nuestra historia:<\/p>\n<\/div><\/div><\/div><\/div><\/div><\/div><div class=\"g-cols wpb_row us_custom_0f8f44b7 via_flex valign_top type_default stacking_default\"><div class=\"vc_col-sm-6 wpb_column vc_column_container\"><div class=\"vc_column-inner\"><div class=\"wpb_wrapper\"><div class=\"wpb_text_column us_custom_77169355\"><div class=\"wpb_wrapper\"><p>1966. Creaci\u00f3n de la ikastola Seber Altube. En el edificio del Centro C\u00edvico.<br \/>\n1979. Traslado al actual edificio municipal.<br \/>\n1991. En colaboraci\u00f3n con la ikastola San Fidel, Ibilaldia en Gernika.<br \/>\n1993. En la asamblea especial nos mostramos partidari@s de mantener un modelo propio.<br \/>\n1995. Aceptamos en asamblea formar parte de la Asociaci\u00f3n de Ikastolas de Euskal Herria.<br \/>\n2003. Recibe la denominaci\u00f3n de calidad. Q de plata.<br \/>\nEn 2007 se celebr\u00f3 el 40 aniversario de la Ikastola. Se llevaron a cabo las obras del comedor y del nuevo edificio.<br \/>\nOrganizamos la marcha 2014 en Gernika.<br \/>\nCelebramos el 50 Aniversario 2016 durante todo el curso.<br \/>\n2017. Proceso de reflexi\u00f3n participativo para el futuro. M\u00e9todo innovador contra el acoso Kiva.<br \/>\n2018. Implantaci\u00f3n de la Pedagog\u00eda de la Confianza. Toda la planta primera y las obras de renovaci\u00f3n de la entrada.<br \/>\n2019. Logro de un modelo de comedor propio: local, de temporada y ecol\u00f3gico.<br \/>\n2019. Obras 2\u00aa planta implantaci\u00f3n Adaxka FP.<br \/>\n2020. Primera implantaci\u00f3n del proyecto GUZU.<\/p>\n<\/div><\/div><\/div><\/div><\/div><div class=\"vc_col-sm-6 wpb_column vc_column_container\"><div class=\"vc_column-inner\"><div class=\"wpb_wrapper\"><div class=\"w-grid us_carousel type_carousel layout_gallery_default preload_style_spinner\" id=\"us_grid_1\"><style>.layout_gallery_default .w-grid-item-h{}<\/style><div class=\"w-grid-list owl-carousel valign_stretch dotstyle_circle navstyle_circle arrows-ver-pos_middle arrows-hor-pos_on_sides_outside arrows-disabled_hide owl-responsive-2000 with_dots with_arrows\" style=\"--transition-duration:350ms;--arrows-size:1.5rem;--arrows-hor-offset:calc(0px + 0px);--arrows-gap:10px;\">\t<article class=\"w-grid-item post-2127 attachment type-attachment status-inherit hentry\" data-id=\"2127\">\r\n\t\t<div class=\"w-grid-item-h\">\r\n\t\t\t\t\t\t<div class=\"w-post-elm post_image usg_post_image_1 stretched\"><img loading=\"lazy\" decoding=\"async\" width=\"926\" height=\"654\" src=\"https:\/\/seberaltubeikastola.eus\/wp-content\/uploads\/2020\/10\/51.jpg\" class=\"attachment-large size-large\" alt=\"\" srcset=\"https:\/\/seberaltubeikastola.eus\/wp-content\/uploads\/2020\/10\/51.jpg 926w, https:\/\/seberaltubeikastola.eus\/wp-content\/uploads\/2020\/10\/51-300x212.jpg 300w\" sizes=\"auto, (max-width: 926px) 100vw, 926px\" \/><\/div>\t\t<\/div>\r\n\t\t\t<\/article>\r\n\t<article class=\"w-grid-item post-2242 attachment type-attachment status-inherit hentry\" data-id=\"2242\">\r\n\t\t<div class=\"w-grid-item-h\">\r\n\t\t\t\t\t\t<div class=\"w-post-elm post_image usg_post_image_1 stretched\"><img loading=\"lazy\" decoding=\"async\" width=\"543\" height=\"372\" src=\"https:\/\/seberaltubeikastola.eus\/wp-content\/uploads\/2020\/11\/historikoa.png\" class=\"attachment-large size-large\" alt=\"\" srcset=\"https:\/\/seberaltubeikastola.eus\/wp-content\/uploads\/2020\/11\/historikoa.png 543w, https:\/\/seberaltubeikastola.eus\/wp-content\/uploads\/2020\/11\/historikoa-300x206.png 300w, https:\/\/seberaltubeikastola.eus\/wp-content\/uploads\/2020\/11\/historikoa-474x324.png 474w\" sizes=\"auto, (max-width: 543px) 100vw, 543px\" \/><\/div>\t\t<\/div>\r\n\t\t\t<\/article>\r\n\t<article class=\"w-grid-item post-2124 attachment type-attachment status-inherit hentry\" data-id=\"2124\">\r\n\t\t<div class=\"w-grid-item-h\">\r\n\t\t\t\t\t\t<div class=\"w-post-elm post_image usg_post_image_1 stretched\"><img loading=\"lazy\" decoding=\"async\" width=\"916\" height=\"663\" src=\"https:\/\/seberaltubeikastola.eus\/wp-content\/uploads\/2020\/10\/133.jpg\" class=\"attachment-large size-large\" alt=\"\" srcset=\"https:\/\/seberaltubeikastola.eus\/wp-content\/uploads\/2020\/10\/133.jpg 916w, https:\/\/seberaltubeikastola.eus\/wp-content\/uploads\/2020\/10\/133-300x217.jpg 300w\" sizes=\"auto, (max-width: 916px) 100vw, 916px\" \/><\/div>\t\t<\/div>\r\n\t\t\t<\/article>\r\n\t<article class=\"w-grid-item post-2125 attachment type-attachment status-inherit hentry\" data-id=\"2125\">\r\n\t\t<div class=\"w-grid-item-h\">\r\n\t\t\t\t\t\t<div class=\"w-post-elm post_image usg_post_image_1 stretched\"><img loading=\"lazy\" decoding=\"async\" width=\"794\" height=\"521\" src=\"https:\/\/seberaltubeikastola.eus\/wp-content\/uploads\/2020\/10\/106.jpg\" class=\"attachment-large size-large\" alt=\"\" srcset=\"https:\/\/seberaltubeikastola.eus\/wp-content\/uploads\/2020\/10\/106.jpg 794w, https:\/\/seberaltubeikastola.eus\/wp-content\/uploads\/2020\/10\/106-300x197.jpg 300w\" sizes=\"auto, (max-width: 794px) 100vw, 794px\" \/><\/div>\t\t<\/div>\r\n\t\t\t<\/article>\r\n\t<article class=\"w-grid-item post-2126 attachment type-attachment status-inherit hentry\" data-id=\"2126\">\r\n\t\t<div class=\"w-grid-item-h\">\r\n\t\t\t\t\t\t<div class=\"w-post-elm post_image usg_post_image_1 stretched\"><img loading=\"lazy\" decoding=\"async\" width=\"926\" height=\"634\" src=\"https:\/\/seberaltubeikastola.eus\/wp-content\/uploads\/2020\/10\/58.jpg\" class=\"attachment-large size-large\" alt=\"\" srcset=\"https:\/\/seberaltubeikastola.eus\/wp-content\/uploads\/2020\/10\/58.jpg 926w, https:\/\/seberaltubeikastola.eus\/wp-content\/uploads\/2020\/10\/58-300x205.jpg 300w, https:\/\/seberaltubeikastola.eus\/wp-content\/uploads\/2020\/10\/58-474x324.jpg 474w\" sizes=\"auto, (max-width: 926px) 100vw, 926px\" \/><\/div>\t\t<\/div>\r\n\t\t\t<\/article>\r\n\t<article class=\"w-grid-item post-2128 attachment type-attachment status-inherit hentry\" data-id=\"2128\">\r\n\t\t<div class=\"w-grid-item-h\">\r\n\t\t\t\t\t\t<div class=\"w-post-elm post_image usg_post_image_1 stretched\"><img loading=\"lazy\" decoding=\"async\" width=\"648\" height=\"454\" src=\"https:\/\/seberaltubeikastola.eus\/wp-content\/uploads\/2020\/10\/32.jpg\" class=\"attachment-large size-large\" alt=\"\" srcset=\"https:\/\/seberaltubeikastola.eus\/wp-content\/uploads\/2020\/10\/32.jpg 648w, https:\/\/seberaltubeikastola.eus\/wp-content\/uploads\/2020\/10\/32-300x210.jpg 300w\" sizes=\"auto, (max-width: 648px) 100vw, 648px\" \/><\/div>\t\t<\/div>\r\n\t\t\t<\/article>\r\n\t<article class=\"w-grid-item post-2129 attachment type-attachment status-inherit hentry\" data-id=\"2129\">\r\n\t\t<div class=\"w-grid-item-h\">\r\n\t\t\t\t\t\t<div class=\"w-post-elm post_image usg_post_image_1 stretched\"><img loading=\"lazy\" decoding=\"async\" width=\"746\" height=\"512\" src=\"https:\/\/seberaltubeikastola.eus\/wp-content\/uploads\/2020\/10\/12.jpg\" class=\"attachment-large size-large\" alt=\"\" srcset=\"https:\/\/seberaltubeikastola.eus\/wp-content\/uploads\/2020\/10\/12.jpg 746w, https:\/\/seberaltubeikastola.eus\/wp-content\/uploads\/2020\/10\/12-300x206.jpg 300w, https:\/\/seberaltubeikastola.eus\/wp-content\/uploads\/2020\/10\/12-474x324.jpg 474w\" sizes=\"auto, (max-width: 746px) 100vw, 746px\" \/><\/div>\t\t<\/div>\r\n\t\t\t<\/article>\r\n\t<article class=\"w-grid-item post-2130 attachment type-attachment status-inherit hentry\" data-id=\"2130\">\r\n\t\t<div class=\"w-grid-item-h\">\r\n\t\t\t\t\t\t<div class=\"w-post-elm post_image usg_post_image_1 stretched\"><img loading=\"lazy\" decoding=\"async\" width=\"942\" height=\"667\" src=\"https:\/\/seberaltubeikastola.eus\/wp-content\/uploads\/2020\/10\/11.jpg\" class=\"attachment-large size-large\" alt=\"\" srcset=\"https:\/\/seberaltubeikastola.eus\/wp-content\/uploads\/2020\/10\/11.jpg 942w, https:\/\/seberaltubeikastola.eus\/wp-content\/uploads\/2020\/10\/11-300x212.jpg 300w\" sizes=\"auto, (max-width: 942px) 100vw, 942px\" \/><\/div>\t\t<\/div>\r\n\t\t\t<\/article>\r\n\t<article class=\"w-grid-item post-2131 attachment type-attachment status-inherit hentry\" data-id=\"2131\">\r\n\t\t<div class=\"w-grid-item-h\">\r\n\t\t\t\t\t\t<div class=\"w-post-elm post_image usg_post_image_1 stretched\"><img loading=\"lazy\" decoding=\"async\" width=\"794\" height=\"540\" src=\"https:\/\/seberaltubeikastola.eus\/wp-content\/uploads\/2020\/10\/10.jpg\" class=\"attachment-large size-large\" alt=\"\" srcset=\"https:\/\/seberaltubeikastola.eus\/wp-content\/uploads\/2020\/10\/10.jpg 794w, https:\/\/seberaltubeikastola.eus\/wp-content\/uploads\/2020\/10\/10-300x204.jpg 300w\" sizes=\"auto, (max-width: 794px) 100vw, 794px\" \/><\/div>\t\t<\/div>\r\n\t\t\t<\/article>\r\n\t<article class=\"w-grid-item post-2132 attachment type-attachment status-inherit hentry\" data-id=\"2132\">\r\n\t\t<div class=\"w-grid-item-h\">\r\n\t\t\t\t\t\t<div class=\"w-post-elm post_image usg_post_image_1 stretched\"><img loading=\"lazy\" decoding=\"async\" width=\"936\" height=\"644\" src=\"https:\/\/seberaltubeikastola.eus\/wp-content\/uploads\/2020\/10\/7.jpg\" class=\"attachment-large size-large\" alt=\"\" srcset=\"https:\/\/seberaltubeikastola.eus\/wp-content\/uploads\/2020\/10\/7.jpg 936w, https:\/\/seberaltubeikastola.eus\/wp-content\/uploads\/2020\/10\/7-300x206.jpg 300w\" sizes=\"auto, (max-width: 936px) 100vw, 936px\" \/><\/div>\t\t<\/div>\r\n\t\t\t<\/article>\r\n<\/div><div class=\"w-grid-carousel-json hidden\" onclick='return {&quot;carousel_settings&quot;:{&quot;aria_labels&quot;:{&quot;prev&quot;:&quot;Anterior&quot;,&quot;next&quot;:&quot;Siguiente&quot;},&quot;autoplayContinual&quot;:false,&quot;autoplayContinualCss&quot;:false,&quot;autoplayHoverPause&quot;:false,&quot;autoplayTimeout&quot;:3000,&quot;autoWidth&quot;:false,&quot;smartSpeed&quot;:350,&quot;margin&quot;:0,&quot;mouseDrag&quot;:true,&quot;rtl&quot;:false,&quot;slideBy&quot;:&quot;1&quot;,&quot;touchDrag&quot;:true,&quot;slideTransition&quot;:&quot;&quot;,&quot;responsive&quot;:{&quot;0&quot;:{&quot;autoHeight&quot;:false,&quot;autoplay&quot;:false,&quot;autoplayContinualCss&quot;:false,&quot;autoWidth&quot;:false,&quot;center&quot;:false,&quot;dots&quot;:false,&quot;items&quot;:1,&quot;loop&quot;:false,&quot;nav&quot;:false,&quot;stagePadding&quot;:0,&quot;slideBy&quot;:&quot;1&quot;,&quot;touchDrag&quot;:true,&quot;mouseDrag&quot;:true},&quot;601&quot;:{&quot;items&quot;:1,&quot;autoplay&quot;:false,&quot;autoplayContinualCss&quot;:false,&quot;center&quot;:false,&quot;dots&quot;:true,&quot;nav&quot;:true,&quot;autoHeight&quot;:false,&quot;autoWidth&quot;:false,&quot;loop&quot;:true,&quot;stagePadding&quot;:0}}}}'><\/div><\/div><\/div><\/div><\/div><\/div><\/div><\/div><\/div><\/div><\/div><\/section><section class=\"l-section wpb_row height_medium width_full\"><div class=\"l-section-h i-cf\"><div class=\"g-cols vc_row via_flex valign_top type_default stacking_default\"><div class=\"vc_col-sm-12 wpb_column vc_column_container\"><div class=\"vc_column-inner\"><div class=\"wpb_wrapper\"><div class=\"w-html\"><div class=\"_df_book df-lite\" id=\"df_607\"  _slug=\"historia-pdf\" data-title=\"historia-pdf\" wpoptions=\"true\" thumbtype=\"\" ><\/div><script class=\"df-shortcode-script\" nowprocket type=\"application\/javascript\">window.option_df_607 = {\"outline\":[],\"autoEnableOutline\":\"false\",\"autoEnableThumbnail\":\"false\",\"overwritePDFOutline\":\"false\",\"direction\":\"1\",\"pageSize\":\"0\",\"source\":\"https:\\\/\\\/seberaltubeikastola.eus\\\/wp-content\\\/uploads\\\/2020\\\/10\\\/00-SEBER-LIBURUA.pdf\",\"wpOptions\":\"true\"}; if(window.DFLIP && window.DFLIP.parseBooks){window.DFLIP.parseBooks();}<\/script><\/div><\/div><\/div><\/div><\/div><\/div><\/section>\n","protected":false},"excerpt":{"rendered":"","protected":false},"author":6,"featured_media":0,"parent":2632,"menu_order":0,"comment_status":"closed","ping_status":"closed","template":"","meta":{"_acf_changed":false,"footnotes":""},"class_list":["post-2567","page","type-page","status-publish","hentry"],"acf":[],"_links":{"self":[{"href":"https:\/\/seberaltubeikastola.eus\/es\/wp-json\/wp\/v2\/pages\/2567","targetHints":{"allow":["GET"]}}],"collection":[{"href":"https:\/\/seberaltubeikastola.eus\/es\/wp-json\/wp\/v2\/pages"}],"about":[{"href":"https:\/\/seberaltubeikastola.eus\/es\/wp-json\/wp\/v2\/types\/page"}],"author":[{"embeddable":true,"href":"https:\/\/seberaltubeikastola.eus\/es\/wp-json\/wp\/v2\/users\/6"}],"replies":[{"embeddable":true,"href":"https:\/\/seberaltubeikastola.eus\/es\/wp-json\/wp\/v2\/comments?post=2567"}],"version-history":[{"count":3,"href":"https:\/\/seberaltubeikastola.eus\/es\/wp-json\/wp\/v2\/pages\/2567\/revisions"}],"predecessor-version":[{"id":3129,"href":"https:\/\/seberaltubeikastola.eus\/es\/wp-json\/wp\/v2\/pages\/2567\/revisions\/3129"}],"up":[{"embeddable":true,"href":"https:\/\/seberaltubeikastola.eus\/es\/wp-json\/wp\/v2\/pages\/2632"}],"wp:attachment":[{"href":"https:\/\/seberaltubeikastola.eus\/es\/wp-json\/wp\/v2\/media?parent=2567"}],"curies":[{"name":"wp","href":"https:\/\/api.w.org\/{rel}","templated":true}]}}