{"id":2593,"date":"2020-08-14T10:31:39","date_gmt":"2020-08-14T09:31:39","guid":{"rendered":"https:\/\/seberaltubeikastola.eus\/?page_id=2593"},"modified":"2023-04-17T10:18:40","modified_gmt":"2023-04-17T09:18:40","slug":"educacion-infantil-adaxka","status":"publish","type":"page","link":"https:\/\/seberaltubeikastola.eus\/es\/hezkuntza\/educacion-infantil-adaxka\/","title":{"rendered":"Educaci\u00f3n infantil"},"content":{"rendered":"<section class=\"l-section wpb_row height_medium width_full\"><div class=\"l-section-h i-cf\"><div class=\"g-cols vc_row via_flex valign_top type_default stacking_default\"><div class=\"vc_col-sm-6 wpb_column vc_column_container\"><div class=\"vc_column-inner\"><div class=\"wpb_wrapper\"><div class=\"wpb_text_column\"><div class=\"wpb_wrapper\"><p>El proyecto pedag\u00f3gico de educaci\u00f3n infantil en Seber Altube responde al nombre de Adaxka, basado en la pedagog\u00eda de la confianza y con continuidad en los tres primeros cursos de primaria.<\/p>\n<p>Adaxka propone una alternativa al metodo utilizado hasta ahora. Uno de los principales cambios es la relaci\u00f3n entre el alumnado, familias y profesorado. Queremos ser sensibles y respetuosos con las capacidades de desarrollo, emociones, sensaciones y vivencias propias de cada ni\u00f1o y ni\u00f1a; atendiendo a su bienestar ps\u00edquico y f\u00edsico, a su socializaci\u00f3n y a su educaci\u00f3n.<\/p>\n<\/div><\/div><\/div><\/div><\/div><div class=\"vc_col-sm-6 wpb_column vc_column_container\"><div class=\"vc_column-inner\"><div class=\"wpb_wrapper\"><div class=\"w-html\"><video width=\"100%\" controls>\n<source src=\"\/wp-content\/uploads\/2020\/11\/HH-bideoa-trantsizio-gabe.mp4\" type=\"video\/mp4\">\nYour browser does not support the video tag.\n<\/video> <\/div><\/div><\/div><\/div><\/div><\/div><\/section>\n","protected":false},"excerpt":{"rendered":"El proyecto pedag\u00f3gico de educaci\u00f3n infantil en Seber Altube responde al nombre de Adaxka, basado en la pedagog\u00eda de la confianza y con continuidad en los tres primeros cursos de primaria. Adaxka propone una alternativa al metodo utilizado hasta ahora. Uno de los principales cambios es la relaci\u00f3n entre el alumnado, familias y profesorado. Queremos...","protected":false},"author":6,"featured_media":0,"parent":2647,"menu_order":0,"comment_status":"closed","ping_status":"closed","template":"","meta":{"_acf_changed":false,"footnotes":""},"class_list":["post-2593","page","type-page","status-publish","hentry"],"acf":[],"_links":{"self":[{"href":"https:\/\/seberaltubeikastola.eus\/es\/wp-json\/wp\/v2\/pages\/2593","targetHints":{"allow":["GET"]}}],"collection":[{"href":"https:\/\/seberaltubeikastola.eus\/es\/wp-json\/wp\/v2\/pages"}],"about":[{"href":"https:\/\/seberaltubeikastola.eus\/es\/wp-json\/wp\/v2\/types\/page"}],"author":[{"embeddable":true,"href":"https:\/\/seberaltubeikastola.eus\/es\/wp-json\/wp\/v2\/users\/6"}],"replies":[{"embeddable":true,"href":"https:\/\/seberaltubeikastola.eus\/es\/wp-json\/wp\/v2\/comments?post=2593"}],"version-history":[{"count":5,"href":"https:\/\/seberaltubeikastola.eus\/es\/wp-json\/wp\/v2\/pages\/2593\/revisions"}],"predecessor-version":[{"id":3141,"href":"https:\/\/seberaltubeikastola.eus\/es\/wp-json\/wp\/v2\/pages\/2593\/revisions\/3141"}],"up":[{"embeddable":true,"href":"https:\/\/seberaltubeikastola.eus\/es\/wp-json\/wp\/v2\/pages\/2647"}],"wp:attachment":[{"href":"https:\/\/seberaltubeikastola.eus\/es\/wp-json\/wp\/v2\/media?parent=2593"}],"curies":[{"name":"wp","href":"https:\/\/api.w.org\/{rel}","templated":true}]}}