{"id":2596,"date":"2020-08-14T10:33:42","date_gmt":"2020-08-14T09:33:42","guid":{"rendered":"https:\/\/seberaltubeikastola.eus\/?page_id=2596"},"modified":"2022-09-29T21:58:36","modified_gmt":"2022-09-29T20:58:36","slug":"2596-2","status":"publish","type":"page","link":"https:\/\/seberaltubeikastola.eus\/es\/hezkuntza\/2596-2\/","title":{"rendered":"Educaci\u00f3n primaria"},"content":{"rendered":"<section class=\"l-section wpb_row height_medium width_full\"><div class=\"l-section-h i-cf\"><div class=\"g-cols vc_row via_flex valign_top type_default stacking_default\"><div class=\"vc_col-sm-12 wpb_column vc_column_container\"><div class=\"vc_column-inner\"><div class=\"wpb_wrapper\"><div class=\"wpb_text_column\"><div class=\"wpb_wrapper\"><p>Siguiendo con la metodolog\u00eda de Educaci\u00f3n Infantil, Adaxka tendr\u00e1 continuidad en los tres primeros cursos de Primaria. Fomentando una mirada basada en la confianza para que el alumnado conf\u00ede en su potencial. Partiendo de sus propios intereses y experiencias, actuando y creando libremente y dando especial importancia a las emociones: ofreciendo recursos para comprender lo que sienten. Nos centramos en el proceso de aprendizaje los y las alumnas, pasando tambi\u00e9n los y las profesoras a ser compa\u00f1eras de viaje.<\/p>\n<p>Dejando de lado el modelo educativo basado principalmente en contenidos, hemos recurrido a planteamientos basados en competencias y vivencias. As\u00ed, en Educaci\u00f3n Primaria, Adaxka, se incorporan propuestas para avanzar en los objetivos pedag\u00f3gico-curriculares respetando el desarrollo del alumnado, con especial atenci\u00f3n a la competencia matem\u00e1tica, MaiteMatika, competencia ling\u00fc\u00edstica, HitzKutxa y competencia art\u00edstica, EskuArte.<\/p>\n<p>En 3\u00ba, 4\u00ba y 5\u00ba de Primaria, nuestr@s alumn@s pasan de Adaxka al proyecto EKI. Se trata de un proyecto basado en competencias teniendo en cuenta el curr\u00edculo vasco. Adem\u00e1s de esto, EKI es multiling\u00fce, siempre con el euskera como eje. Los procedimientos multidisciplinares se trabajan de forma continua, integrando la competencia digital en todas las \u00e1reas.<\/p>\n<\/div><\/div><div class=\"w-slider style_none fit_scaledown nav_none count_9\"><div class=\"w-slider-h\" aria-hidden=\"true\"><div class=\"royalSlider\"><div class=\"rsContent\"><a class=\"rsImg\" data-rsw=\"960\" data-rsh=\"540\" href=\"https:\/\/seberaltubeikastola.eus\/wp-content\/uploads\/2020\/10\/18664715_782480998592379_4321830424523802800_n.jpg\"><span data-alt=\"\"><\/span><\/a><\/div><div class=\"rsContent\"><a class=\"rsImg\" data-rsw=\"1024\" data-rsh=\"768\" href=\"https:\/\/seberaltubeikastola.eus\/wp-content\/uploads\/2020\/10\/20161026_161631.jpg\"><span data-alt=\"\"><\/span><\/a><\/div><div class=\"rsContent\"><a class=\"rsImg\" data-rsw=\"1294\" data-rsh=\"862\" href=\"https:\/\/seberaltubeikastola.eus\/wp-content\/uploads\/2020\/10\/Seber-WEB-110-1.jpg\"><span data-alt=\"\"><\/span><\/a><\/div><div class=\"rsContent\"><a class=\"rsImg\" data-rsw=\"1920\" data-rsh=\"1297\" href=\"https:\/\/seberaltubeikastola.eus\/wp-content\/uploads\/2020\/10\/Seber-WEB-125.jpg\"><span data-alt=\"\"><\/span><\/a><\/div><div class=\"rsContent\"><a class=\"rsImg\" data-rsw=\"960\" data-rsh=\"720\" href=\"https:\/\/seberaltubeikastola.eus\/wp-content\/uploads\/2020\/10\/12717673_547241255449689_3100875243454439376_n.jpg\"><span data-alt=\"\"><\/span><\/a><\/div><div class=\"rsContent\"><a class=\"rsImg\" data-rsw=\"960\" data-rsh=\"720\" href=\"https:\/\/seberaltubeikastola.eus\/wp-content\/uploads\/2020\/12\/torre-madariaga.jpg\"><span data-alt=\"\"><\/span><\/a><\/div><div class=\"rsContent\"><a class=\"rsImg\" data-rsw=\"2560\" data-rsh=\"1707\" href=\"https:\/\/seberaltubeikastola.eus\/wp-content\/uploads\/2020\/12\/seber-altube-429-scaled.jpg\"><span data-alt=\"\"><\/span><\/a><\/div><div class=\"rsContent\"><a class=\"rsImg\" data-rsw=\"960\" data-rsh=\"720\" href=\"https:\/\/seberaltubeikastola.eus\/wp-content\/uploads\/2020\/12\/LH.jpg\"><span data-alt=\"\"><\/span><\/a><\/div><div class=\"rsContent\"><a class=\"rsImg\" data-rsw=\"960\" data-rsh=\"720\" href=\"https:\/\/seberaltubeikastola.eus\/wp-content\/uploads\/2020\/12\/elkartasuna-6.jpg\"><span data-alt=\"\"><\/span><\/a><\/div><\/div><img decoding=\"async\" src=\"https:\/\/seberaltubeikastola.eus\/wp-content\/uploads\/2020\/10\/18664715_782480998592379_4321830424523802800_n.jpg\" width=\"960\" height=\"540\" alt loading=\"lazy\"><\/div><div class=\"w-slider-json\" onclick='return {&quot;autoScaleSlider&quot;:true,&quot;addActiveClass&quot;:true,&quot;loop&quot;:true,&quot;fadeInLoadedSlide&quot;:false,&quot;slidesSpacing&quot;:0,&quot;imageScalePadding&quot;:0,&quot;numImagesToPreload&quot;:2,&quot;arrowsNav&quot;:true,&quot;arrowsNavAutoHide&quot;:true,&quot;transitionType&quot;:&quot;move&quot;,&quot;transitionSpeed&quot;:250,&quot;block&quot;:{&quot;moveEffect&quot;:&quot;none&quot;,&quot;speed&quot;:300},&quot;thumbs&quot;:{&quot;fitInViewport&quot;:false,&quot;firstMargin&quot;:false,&quot;spacing&quot;:4},&quot;controlNavigation&quot;:&quot;none&quot;,&quot;autoScaleSliderWidth&quot;:960,&quot;autoScaleSliderHeight&quot;:540}'><\/div><\/div><\/div><\/div><\/div><\/div><\/div><\/section>\n","protected":false},"excerpt":{"rendered":"Siguiendo con la metodolog\u00eda de Educaci\u00f3n Infantil, Adaxka tendr\u00e1 continuidad en los tres primeros cursos de Primaria. Fomentando una mirada basada en la confianza para que el alumnado conf\u00ede en su potencial. Partiendo de sus propios intereses y experiencias, actuando y creando libremente y dando especial importancia a las emociones: ofreciendo recursos para comprender lo...","protected":false},"author":6,"featured_media":0,"parent":2647,"menu_order":0,"comment_status":"closed","ping_status":"closed","template":"","meta":{"_acf_changed":false,"footnotes":""},"class_list":["post-2596","page","type-page","status-publish","hentry"],"acf":[],"_links":{"self":[{"href":"https:\/\/seberaltubeikastola.eus\/es\/wp-json\/wp\/v2\/pages\/2596","targetHints":{"allow":["GET"]}}],"collection":[{"href":"https:\/\/seberaltubeikastola.eus\/es\/wp-json\/wp\/v2\/pages"}],"about":[{"href":"https:\/\/seberaltubeikastola.eus\/es\/wp-json\/wp\/v2\/types\/page"}],"author":[{"embeddable":true,"href":"https:\/\/seberaltubeikastola.eus\/es\/wp-json\/wp\/v2\/users\/6"}],"replies":[{"embeddable":true,"href":"https:\/\/seberaltubeikastola.eus\/es\/wp-json\/wp\/v2\/comments?post=2596"}],"version-history":[{"count":3,"href":"https:\/\/seberaltubeikastola.eus\/es\/wp-json\/wp\/v2\/pages\/2596\/revisions"}],"predecessor-version":[{"id":3142,"href":"https:\/\/seberaltubeikastola.eus\/es\/wp-json\/wp\/v2\/pages\/2596\/revisions\/3142"}],"up":[{"embeddable":true,"href":"https:\/\/seberaltubeikastola.eus\/es\/wp-json\/wp\/v2\/pages\/2647"}],"wp:attachment":[{"href":"https:\/\/seberaltubeikastola.eus\/es\/wp-json\/wp\/v2\/media?parent=2596"}],"curies":[{"name":"wp","href":"https:\/\/api.w.org\/{rel}","templated":true}]}}