{"id":2598,"date":"2020-08-14T10:35:14","date_gmt":"2020-08-14T09:35:14","guid":{"rendered":"https:\/\/seberaltubeikastola.eus\/?page_id=2598"},"modified":"2022-09-29T22:09:05","modified_gmt":"2022-09-29T21:09:05","slug":"educacion-secundaria","status":"publish","type":"page","link":"https:\/\/seberaltubeikastola.eus\/es\/hezkuntza\/educacion-secundaria\/","title":{"rendered":"Educaci\u00f3n secundaria"},"content":{"rendered":"<section class=\"l-section wpb_row height_medium width_full\"><div class=\"l-section-h i-cf\"><div class=\"g-cols vc_row via_flex valign_top type_default stacking_default\"><div class=\"vc_col-sm-12 wpb_column vc_column_container\"><div class=\"vc_column-inner\"><div class=\"wpb_wrapper\"><div class=\"wpb_text_column\"><div class=\"wpb_wrapper\"><p>En la Educaci\u00f3n Secundaria Obligatoria debemos procurar que el alumno o alumna sea capaz de encontrar los recursos necesarios a lo largo de su vida. Para ello, el\/la alumn@ deber\u00e1 saber pensar, ser capaz de comunicarse utilizando diferentes c\u00f3digos, aprender a identificar y convivir con sus sentimientos y a colaborar con los de su entorno, pero a la vez ser un@ mism@.<\/p>\n<p>Para ello se ha dise\u00f1ado el proyecto Eki. Eki tiene cuatro componentes curriculares:<\/p>\n<ul>\n<li>1: Competencias: se aprende y se ense\u00f1a trabajando las competencias.<\/li>\n<li>2. Contenidos: se basan en la trayectoria cultural vasca y en los curr\u00edculos oficiales.<\/li>\n<li>3. Herramientas: en todas las \u00e1reas de aprendizaje se facilitan procedimientos sistematizados para aprender y hacer.<\/li>\n<li>4. Multiling\u00fcismo: se ha realizado un planteamiento integrado de las lenguas centradas en el euskera.<\/li>\n<\/ul>\n<p>Ante una situaci\u00f3n real, el alumnado debe acostumbrarse a buscar y utilizar los recursos necesarios. Solo y en trabajo de equipo, tendr\u00e1 que intentar encontrar soluciones y aplicar lo aprendido en nuevas situaciones. Los materiales EKI han sido dise\u00f1ados para facilitar la ense\u00f1anza del profesorado, para que el alumnado aprenda m\u00e1s eficazmente y para que las familias intervengan en este proceso.<\/p>\n<\/div><\/div><div class=\"w-grid us_carousel type_carousel layout_gallery_default preload_style_spinner\" id=\"us_grid_1\"><style>.layout_gallery_default .w-grid-item-h{}<\/style><div class=\"w-grid-list owl-carousel valign_stretch dotstyle_circle navstyle_circle arrows-ver-pos_middle arrows-hor-pos_on_sides_outside arrows-disabled_hide owl-responsive-2000 with_dots with_arrows\" style=\"--transition-duration:350ms;--arrows-size:1.5rem;--arrows-hor-offset:calc(0px + 0px);--arrows-gap:10px;\">\t<article class=\"w-grid-item post-2463 attachment type-attachment status-inherit hentry\" data-id=\"2463\">\r\n\t\t<div class=\"w-grid-item-h\">\r\n\t\t\t\t\t\t<div class=\"w-post-elm post_image usg_post_image_1 stretched\"><img loading=\"lazy\" decoding=\"async\" width=\"1024\" height=\"683\" src=\"https:\/\/seberaltubeikastola.eus\/wp-content\/uploads\/2021\/04\/Hezkuntza-DBH-GALERIAKO-LEHENENGOA-1024x683.jpg\" class=\"attachment-large size-large\" alt=\"\" srcset=\"https:\/\/seberaltubeikastola.eus\/wp-content\/uploads\/2021\/04\/Hezkuntza-DBH-GALERIAKO-LEHENENGOA-1024x683.jpg 1024w, https:\/\/seberaltubeikastola.eus\/wp-content\/uploads\/2021\/04\/Hezkuntza-DBH-GALERIAKO-LEHENENGOA-300x200.jpg 300w, https:\/\/seberaltubeikastola.eus\/wp-content\/uploads\/2021\/04\/Hezkuntza-DBH-GALERIAKO-LEHENENGOA-391x260.jpg 391w\" sizes=\"auto, (max-width: 1024px) 100vw, 1024px\" \/><\/div>\t\t<\/div>\r\n\t\t\t<\/article>\r\n\t<article class=\"w-grid-item post-2143 attachment type-attachment status-inherit hentry\" data-id=\"2143\">\r\n\t\t<div class=\"w-grid-item-h\">\r\n\t\t\t\t\t\t<div class=\"w-post-elm post_image usg_post_image_1 stretched\"><img loading=\"lazy\" decoding=\"async\" width=\"960\" height=\"720\" src=\"https:\/\/seberaltubeikastola.eus\/wp-content\/uploads\/2020\/10\/DBH4.jpg\" class=\"attachment-large size-large\" alt=\"\" srcset=\"https:\/\/seberaltubeikastola.eus\/wp-content\/uploads\/2020\/10\/DBH4.jpg 960w, https:\/\/seberaltubeikastola.eus\/wp-content\/uploads\/2020\/10\/DBH4-300x225.jpg 300w\" sizes=\"auto, (max-width: 960px) 100vw, 960px\" \/><\/div>\t\t<\/div>\r\n\t\t\t<\/article>\r\n\t<article class=\"w-grid-item post-2342 attachment type-attachment status-inherit hentry\" data-id=\"2342\">\r\n\t\t<div class=\"w-grid-item-h\">\r\n\t\t\t\t\t\t<div class=\"w-post-elm post_image usg_post_image_1 stretched\"><img loading=\"lazy\" decoding=\"async\" width=\"1024\" height=\"683\" src=\"https:\/\/seberaltubeikastola.eus\/wp-content\/uploads\/2020\/12\/seber-altube-538-1024x683.jpg\" class=\"attachment-large size-large\" alt=\"\" srcset=\"https:\/\/seberaltubeikastola.eus\/wp-content\/uploads\/2020\/12\/seber-altube-538-1024x683.jpg 1024w, https:\/\/seberaltubeikastola.eus\/wp-content\/uploads\/2020\/12\/seber-altube-538-300x200.jpg 300w, https:\/\/seberaltubeikastola.eus\/wp-content\/uploads\/2020\/12\/seber-altube-538-391x260.jpg 391w\" sizes=\"auto, (max-width: 1024px) 100vw, 1024px\" \/><\/div>\t\t<\/div>\r\n\t\t\t<\/article>\r\n\t<article class=\"w-grid-item post-2348 attachment type-attachment status-inherit hentry\" data-id=\"2348\">\r\n\t\t<div class=\"w-grid-item-h\">\r\n\t\t\t\t\t\t<div class=\"w-post-elm post_image usg_post_image_1 stretched\"><img loading=\"lazy\" decoding=\"async\" width=\"720\" height=\"540\" src=\"https:\/\/seberaltubeikastola.eus\/wp-content\/uploads\/2020\/12\/FB_IMG_16050233574501.jpg\" class=\"attachment-large size-large\" alt=\"\" srcset=\"https:\/\/seberaltubeikastola.eus\/wp-content\/uploads\/2020\/12\/FB_IMG_16050233574501.jpg 720w, https:\/\/seberaltubeikastola.eus\/wp-content\/uploads\/2020\/12\/FB_IMG_16050233574501-300x225.jpg 300w\" sizes=\"auto, (max-width: 720px) 100vw, 720px\" \/><\/div>\t\t<\/div>\r\n\t\t\t<\/article>\r\n\t<article class=\"w-grid-item post-2349 attachment type-attachment status-inherit hentry\" data-id=\"2349\">\r\n\t\t<div class=\"w-grid-item-h\">\r\n\t\t\t\t\t\t<div class=\"w-post-elm post_image usg_post_image_1 stretched\"><img loading=\"lazy\" decoding=\"async\" width=\"720\" height=\"540\" src=\"https:\/\/seberaltubeikastola.eus\/wp-content\/uploads\/2020\/12\/FB_IMG_16050233527001.jpg\" class=\"attachment-large size-large\" alt=\"\" srcset=\"https:\/\/seberaltubeikastola.eus\/wp-content\/uploads\/2020\/12\/FB_IMG_16050233527001.jpg 720w, https:\/\/seberaltubeikastola.eus\/wp-content\/uploads\/2020\/12\/FB_IMG_16050233527001-300x225.jpg 300w\" sizes=\"auto, (max-width: 720px) 100vw, 720px\" \/><\/div>\t\t<\/div>\r\n\t\t\t<\/article>\r\n\t<article class=\"w-grid-item post-2350 attachment type-attachment status-inherit hentry\" data-id=\"2350\">\r\n\t\t<div class=\"w-grid-item-h\">\r\n\t\t\t\t\t\t<div class=\"w-post-elm post_image usg_post_image_1 stretched\"><img loading=\"lazy\" decoding=\"async\" width=\"720\" height=\"960\" src=\"https:\/\/seberaltubeikastola.eus\/wp-content\/uploads\/2020\/12\/ERREKA.jpg\" class=\"attachment-large size-large\" alt=\"\" srcset=\"https:\/\/seberaltubeikastola.eus\/wp-content\/uploads\/2020\/12\/ERREKA.jpg 720w, https:\/\/seberaltubeikastola.eus\/wp-content\/uploads\/2020\/12\/ERREKA-225x300.jpg 225w, https:\/\/seberaltubeikastola.eus\/wp-content\/uploads\/2020\/12\/ERREKA-300x400.jpg 300w\" sizes=\"auto, (max-width: 720px) 100vw, 720px\" \/><\/div>\t\t<\/div>\r\n\t\t\t<\/article>\r\n\t<article class=\"w-grid-item post-2351 attachment type-attachment status-inherit hentry\" data-id=\"2351\">\r\n\t\t<div class=\"w-grid-item-h\">\r\n\t\t\t\t\t\t<div class=\"w-post-elm post_image usg_post_image_1 stretched\"><img loading=\"lazy\" decoding=\"async\" width=\"960\" height=\"720\" src=\"https:\/\/seberaltubeikastola.eus\/wp-content\/uploads\/2020\/12\/bozketa.jpg\" class=\"attachment-large size-large\" alt=\"\" srcset=\"https:\/\/seberaltubeikastola.eus\/wp-content\/uploads\/2020\/12\/bozketa.jpg 960w, https:\/\/seberaltubeikastola.eus\/wp-content\/uploads\/2020\/12\/bozketa-300x225.jpg 300w\" sizes=\"auto, (max-width: 960px) 100vw, 960px\" \/><\/div>\t\t<\/div>\r\n\t\t\t<\/article>\r\n\t<article class=\"w-grid-item post-2352 attachment type-attachment status-inherit hentry\" data-id=\"2352\">\r\n\t\t<div class=\"w-grid-item-h\">\r\n\t\t\t\t\t\t<div class=\"w-post-elm post_image usg_post_image_1 stretched\"><img loading=\"lazy\" decoding=\"async\" width=\"960\" height=\"720\" src=\"https:\/\/seberaltubeikastola.eus\/wp-content\/uploads\/2020\/12\/arkeologia.jpg\" class=\"attachment-large size-large\" alt=\"\" srcset=\"https:\/\/seberaltubeikastola.eus\/wp-content\/uploads\/2020\/12\/arkeologia.jpg 960w, https:\/\/seberaltubeikastola.eus\/wp-content\/uploads\/2020\/12\/arkeologia-300x225.jpg 300w\" sizes=\"auto, (max-width: 960px) 100vw, 960px\" \/><\/div>\t\t<\/div>\r\n\t\t\t<\/article>\r\n\t<article class=\"w-grid-item post-2459 attachment type-attachment status-inherit hentry\" data-id=\"2459\">\r\n\t\t<div class=\"w-grid-item-h\">\r\n\t\t\t\t\t\t<div class=\"w-post-elm post_image usg_post_image_1 stretched\"><img loading=\"lazy\" decoding=\"async\" width=\"960\" height=\"720\" src=\"https:\/\/seberaltubeikastola.eus\/wp-content\/uploads\/2021\/04\/Hezkuntza-DBH-3.jpg\" class=\"attachment-large size-large\" alt=\"\" srcset=\"https:\/\/seberaltubeikastola.eus\/wp-content\/uploads\/2021\/04\/Hezkuntza-DBH-3.jpg 960w, https:\/\/seberaltubeikastola.eus\/wp-content\/uploads\/2021\/04\/Hezkuntza-DBH-3-300x225.jpg 300w\" sizes=\"auto, (max-width: 960px) 100vw, 960px\" \/><\/div>\t\t<\/div>\r\n\t\t\t<\/article>\r\n\t<article class=\"w-grid-item post-2460 attachment type-attachment status-inherit hentry\" data-id=\"2460\">\r\n\t\t<div class=\"w-grid-item-h\">\r\n\t\t\t\t\t\t<div class=\"w-post-elm post_image usg_post_image_1 stretched\"><img loading=\"lazy\" decoding=\"async\" width=\"767\" height=\"564\" src=\"https:\/\/seberaltubeikastola.eus\/wp-content\/uploads\/2021\/04\/Hezkuntza-DBH-6.jpg\" class=\"attachment-large size-large\" alt=\"\" srcset=\"https:\/\/seberaltubeikastola.eus\/wp-content\/uploads\/2021\/04\/Hezkuntza-DBH-6.jpg 767w, https:\/\/seberaltubeikastola.eus\/wp-content\/uploads\/2021\/04\/Hezkuntza-DBH-6-300x221.jpg 300w\" sizes=\"auto, (max-width: 767px) 100vw, 767px\" \/><\/div>\t\t<\/div>\r\n\t\t\t<\/article>\r\n<\/div><div class=\"w-grid-carousel-json hidden\" onclick='return {&quot;carousel_settings&quot;:{&quot;aria_labels&quot;:{&quot;prev&quot;:&quot;Anterior&quot;,&quot;next&quot;:&quot;Siguiente&quot;},&quot;autoplayContinual&quot;:false,&quot;autoplayHoverPause&quot;:false,&quot;autoplayTimeout&quot;:3000,&quot;autoWidth&quot;:false,&quot;smartSpeed&quot;:350,&quot;margin&quot;:0,&quot;mouseDrag&quot;:true,&quot;rtl&quot;:false,&quot;slideBy&quot;:&quot;1&quot;,&quot;touchDrag&quot;:true,&quot;slideTransition&quot;:&quot;&quot;,&quot;responsive&quot;:{&quot;0&quot;:{&quot;autoHeight&quot;:false,&quot;autoplay&quot;:false,&quot;autoWidth&quot;:false,&quot;center&quot;:false,&quot;dots&quot;:false,&quot;items&quot;:1,&quot;loop&quot;:false,&quot;nav&quot;:false,&quot;stagePadding&quot;:0,&quot;slideBy&quot;:&quot;1&quot;},&quot;601&quot;:{&quot;items&quot;:1,&quot;autoplay&quot;:false,&quot;center&quot;:false,&quot;dots&quot;:true,&quot;nav&quot;:true,&quot;autoHeight&quot;:false,&quot;autoWidth&quot;:false,&quot;loop&quot;:true,&quot;stagePadding&quot;:0}}}}'><\/div><\/div><\/div><\/div><\/div><\/div><\/div><\/section>\n","protected":false},"excerpt":{"rendered":"","protected":false},"author":6,"featured_media":0,"parent":2647,"menu_order":0,"comment_status":"closed","ping_status":"closed","template":"","meta":{"_acf_changed":false,"footnotes":""},"class_list":["post-2598","page","type-page","status-publish","hentry"],"acf":[],"_links":{"self":[{"href":"https:\/\/seberaltubeikastola.eus\/es\/wp-json\/wp\/v2\/pages\/2598","targetHints":{"allow":["GET"]}}],"collection":[{"href":"https:\/\/seberaltubeikastola.eus\/es\/wp-json\/wp\/v2\/pages"}],"about":[{"href":"https:\/\/seberaltubeikastola.eus\/es\/wp-json\/wp\/v2\/types\/page"}],"author":[{"embeddable":true,"href":"https:\/\/seberaltubeikastola.eus\/es\/wp-json\/wp\/v2\/users\/6"}],"replies":[{"embeddable":true,"href":"https:\/\/seberaltubeikastola.eus\/es\/wp-json\/wp\/v2\/comments?post=2598"}],"version-history":[{"count":3,"href":"https:\/\/seberaltubeikastola.eus\/es\/wp-json\/wp\/v2\/pages\/2598\/revisions"}],"predecessor-version":[{"id":3143,"href":"https:\/\/seberaltubeikastola.eus\/es\/wp-json\/wp\/v2\/pages\/2598\/revisions\/3143"}],"up":[{"embeddable":true,"href":"https:\/\/seberaltubeikastola.eus\/es\/wp-json\/wp\/v2\/pages\/2647"}],"wp:attachment":[{"href":"https:\/\/seberaltubeikastola.eus\/es\/wp-json\/wp\/v2\/media?parent=2598"}],"curies":[{"name":"wp","href":"https:\/\/api.w.org\/{rel}","templated":true}]}}