{"id":2607,"date":"2020-12-16T10:06:10","date_gmt":"2020-12-16T09:06:10","guid":{"rendered":"https:\/\/seberaltubeikastola.eus\/proiektuak\/psikomotrizitatea\/"},"modified":"2022-03-11T13:08:02","modified_gmt":"2022-03-11T12:08:02","slug":"psikomotrizitatea","status":"publish","type":"page","link":"https:\/\/seberaltubeikastola.eus\/es\/hezkuntza\/proiektuak\/psikomotrizitatea\/","title":{"rendered":"Psicomotricidad"},"content":{"rendered":"<section class=\"l-section wpb_row height_medium\"><div class=\"l-section-h i-cf\"><div class=\"g-cols vc_row via_flex valign_top type_default stacking_default\"><div class=\"vc_col-sm-6 wpb_column vc_column_container\"><div class=\"vc_column-inner\"><div class=\"wpb_wrapper\"><div class=\"w-slider style_none fit_scaledown nav_none count_2\"><div class=\"w-slider-h\" aria-hidden=\"true\"><div class=\"royalSlider\"><div class=\"rsContent\"><a class=\"rsImg\" data-rsw=\"1024\" data-rsh=\"678\" href=\"https:\/\/seberaltubeikastola.eus\/wp-content\/uploads\/2020\/12\/Seber-WEB-144-1024x678.jpg\"><span data-alt=\"\"><\/span><\/a><\/div><div class=\"rsContent\"><a class=\"rsImg\" data-rsw=\"1024\" data-rsh=\"683\" href=\"https:\/\/seberaltubeikastola.eus\/wp-content\/uploads\/2020\/12\/Seber-WEB-148-1024x683.jpg\"><span data-alt=\"\"><\/span><\/a><\/div><\/div><img decoding=\"async\" src=\"https:\/\/seberaltubeikastola.eus\/wp-content\/uploads\/2020\/12\/Seber-WEB-144-1024x678.jpg\" width=\"1024\" height=\"678\" alt loading=\"lazy\"><\/div><div class=\"w-slider-json\" onclick='return {&quot;autoScaleSlider&quot;:true,&quot;addActiveClass&quot;:true,&quot;loop&quot;:true,&quot;fadeInLoadedSlide&quot;:false,&quot;slidesSpacing&quot;:0,&quot;imageScalePadding&quot;:0,&quot;numImagesToPreload&quot;:2,&quot;arrowsNav&quot;:true,&quot;arrowsNavAutoHide&quot;:false,&quot;transitionType&quot;:&quot;move&quot;,&quot;transitionSpeed&quot;:250,&quot;block&quot;:{&quot;moveEffect&quot;:&quot;none&quot;,&quot;speed&quot;:300},&quot;thumbs&quot;:{&quot;fitInViewport&quot;:false,&quot;firstMargin&quot;:false,&quot;spacing&quot;:4},&quot;controlNavigation&quot;:&quot;none&quot;,&quot;autoScaleSliderWidth&quot;:1024,&quot;autoScaleSliderHeight&quot;:678}'><\/div><\/div><\/div><\/div><\/div><div class=\"vc_col-sm-6 wpb_column vc_column_container\"><div class=\"vc_column-inner\"><div class=\"wpb_wrapper\"><div class=\"wpb_text_column\"><div class=\"wpb_wrapper\"><p>En Seber Altube seguimos la Pr\u00e1ctica Psicomotriz o M\u00e9todo Aucouturier: m\u00e9todo que busca la maduraci\u00f3n psicol\u00f3gica del alumnado a trav\u00e9s del movimiento. La pr\u00e1ctica psicomotora se basa en la pedagog\u00eda de los espacios y los tiempos, que permite a los ni\u00f1os y ni\u00f1as realizar un proceso que va desde el placer de jugar y pensar para moverse. Es un espacio rico y diverso donde la presencia de un adulto atento adquiere producciones, dificultades, miedos, descubrimientos, deseos, disfrute y emociones infantiles. El adulto le ayuda de forma activa y emp\u00e1tica en su proceso de maduraci\u00f3n.<\/p>\n<p>La pr\u00e1ctica psicomotriz facilita el desarrollo arm\u00f3nico de la persona como medio privilegiado para estimular los procesos de desarrollo y crecimiento de la propia personalidad a partir del juego espont\u00e1neo. El Aula de Psicomotricidad es un lugar donde el ni\u00f1o tiene la oportunidad de tenerlo, donde sus actos y juegos espont\u00e1neos le permitir\u00e1n comprenderse tanto a s\u00ed mismo como al mundo que le rodea.<\/p>\n<p>Los juegos y acciones en el aula cumplen una funci\u00f3n de aprendizaje, de socializaci\u00f3n y de adquisici\u00f3n ling\u00fc\u00edstica y afectiva, permitiendo a los ni\u00f1os y ni\u00f1as crecer arm\u00f3nicamente. As\u00ed, en la sala, el ni\u00f1o descubre sus capacidades, aprende a ser y a hacer, se abre a los dem\u00e1s, comprende el espacio y el tiempo y se prepara para la edad adulta.<\/p>\n<\/div><\/div><\/div><\/div><\/div><\/div><\/div><\/section>\n","protected":false},"excerpt":{"rendered":"En Seber Altube seguimos la Pr\u00e1ctica Psicomotriz o M\u00e9todo Aucouturier: m\u00e9todo que busca la maduraci\u00f3n psicol\u00f3gica del alumnado a trav\u00e9s del movimiento. La pr\u00e1ctica psicomotora se basa en la pedagog\u00eda de los espacios y los tiempos, que permite a los ni\u00f1os y ni\u00f1as realizar un proceso que va desde el placer de jugar y pensar...","protected":false},"author":1,"featured_media":2157,"parent":2604,"menu_order":0,"comment_status":"closed","ping_status":"closed","template":"","meta":{"_acf_changed":false,"footnotes":""},"class_list":["post-2607","page","type-page","status-publish","has-post-thumbnail","hentry"],"acf":[],"_links":{"self":[{"href":"https:\/\/seberaltubeikastola.eus\/es\/wp-json\/wp\/v2\/pages\/2607","targetHints":{"allow":["GET"]}}],"collection":[{"href":"https:\/\/seberaltubeikastola.eus\/es\/wp-json\/wp\/v2\/pages"}],"about":[{"href":"https:\/\/seberaltubeikastola.eus\/es\/wp-json\/wp\/v2\/types\/page"}],"author":[{"embeddable":true,"href":"https:\/\/seberaltubeikastola.eus\/es\/wp-json\/wp\/v2\/users\/1"}],"replies":[{"embeddable":true,"href":"https:\/\/seberaltubeikastola.eus\/es\/wp-json\/wp\/v2\/comments?post=2607"}],"version-history":[{"count":2,"href":"https:\/\/seberaltubeikastola.eus\/es\/wp-json\/wp\/v2\/pages\/2607\/revisions"}],"predecessor-version":[{"id":2677,"href":"https:\/\/seberaltubeikastola.eus\/es\/wp-json\/wp\/v2\/pages\/2607\/revisions\/2677"}],"up":[{"embeddable":true,"href":"https:\/\/seberaltubeikastola.eus\/es\/wp-json\/wp\/v2\/pages\/2604"}],"wp:featuredmedia":[{"embeddable":true,"href":"https:\/\/seberaltubeikastola.eus\/es\/wp-json\/wp\/v2\/media\/2157"}],"wp:attachment":[{"href":"https:\/\/seberaltubeikastola.eus\/es\/wp-json\/wp\/v2\/media?parent=2607"}],"curies":[{"name":"wp","href":"https:\/\/api.w.org\/{rel}","templated":true}]}}