{"id":2647,"date":"2020-08-14T10:07:53","date_gmt":"2020-08-14T09:07:53","guid":{"rendered":"https:\/\/seberaltubeikastola.eus\/hezkuntza\/"},"modified":"2022-09-29T21:30:20","modified_gmt":"2022-09-29T20:30:20","slug":"hezkuntza","status":"publish","type":"page","link":"https:\/\/seberaltubeikastola.eus\/es\/hezkuntza\/","title":{"rendered":"Educaci\u00f3n"},"content":{"rendered":"<section class=\"l-section wpb_row height_medium width_full\"><div class=\"l-section-h i-cf\"><div class=\"g-cols vc_row via_flex valign_top type_default stacking_default\"><div class=\"vc_col-sm-9 wpb_column vc_column_container\"><div class=\"vc_column-inner\"><div class=\"wpb_wrapper\">[vc_custom_heading text=\u00bbObjetivos, visi\u00f3n y valores\u00bb use_theme_fonts=\u00bbyes\u00bb]<div class=\"wpb_text_column\"><div class=\"wpb_wrapper\"><p><span id=\"translation_box\" class=\"form-control-text textarea\" role=\"textbox\">En Seber Altube Ikastola ofrecemos educaci\u00f3n entre los 0 y los 16 a\u00f1os.<\/span><\/p>\n<p>Desde el primer d\u00eda que el\/la ni\u00f1@ se acerca a la ikastola, nos unimos a la familia para fomentar su desarrollo afectivo, emocional, sensorial y cognitivo. En un contexto tranquilo y natural, nuestro objetivo es educar personas sanas y mentes inquietas y cr\u00edticas.<\/p>\n<p>Ya en la etapa 0-6 ofrecemos al alumnado herramientas y recursos para conocerse y valorarse a s\u00ed mismo y a su entorno, as\u00ed como para buscar soluciones adecuadas a los retos que tendr\u00e1 a lo largo de su vida.<\/p>\n<p>El euskera y la cultura vasca, la educaci\u00f3n euskaldun, es fundamental en la ikastola. Queremos personas euskaldunes pluriling\u00fces, formadas en Tecnolog\u00edas de la Informaci\u00f3n y la Comunicaci\u00f3n.<\/p>\n<p>Creamos materiales de aprendizaje propios para el desarrollo de nuestro modelo educativo y lo hacemos con la implicaci\u00f3n de un nutrido grupo de profesor@s y profesionales dedicad@s a la mejora continua y la formaci\u00f3n, as\u00ed como de familias y soci@s comprometid@s.<\/p>\n<p>De esta manera, las ikastolas hemos conseguido el liderazgo pedag\u00f3gico actual. Ese es nuestro modelo, ese es el modelo Ikastola.<\/p>\n<\/div><\/div><\/div><\/div><\/div><div class=\"vc_col-sm-3 wpb_column vc_column_container\"><div class=\"vc_column-inner\"><div class=\"wpb_wrapper\"><\/div><\/div><\/div><\/div><\/div><\/section>\n","protected":false},"excerpt":{"rendered":"[vc_custom_heading text=\"Objetivos, visi\u00f3n y valores\" use_theme_fonts=\"yes\"]En Seber Altube Ikastola ofrecemos educaci\u00f3n entre los 0 y los 16 a\u00f1os. Desde el primer d\u00eda que el\/la ni\u00f1@ se acerca a la ikastola, nos unimos a la familia para fomentar su desarrollo afectivo, emocional, sensorial y cognitivo. En un contexto tranquilo y natural, nuestro objetivo es educar personas...","protected":false},"author":9,"featured_media":0,"parent":0,"menu_order":0,"comment_status":"closed","ping_status":"closed","template":"","meta":{"_acf_changed":false,"footnotes":""},"class_list":["post-2647","page","type-page","status-publish","hentry"],"acf":[],"_links":{"self":[{"href":"https:\/\/seberaltubeikastola.eus\/es\/wp-json\/wp\/v2\/pages\/2647","targetHints":{"allow":["GET"]}}],"collection":[{"href":"https:\/\/seberaltubeikastola.eus\/es\/wp-json\/wp\/v2\/pages"}],"about":[{"href":"https:\/\/seberaltubeikastola.eus\/es\/wp-json\/wp\/v2\/types\/page"}],"author":[{"embeddable":true,"href":"https:\/\/seberaltubeikastola.eus\/es\/wp-json\/wp\/v2\/users\/9"}],"replies":[{"embeddable":true,"href":"https:\/\/seberaltubeikastola.eus\/es\/wp-json\/wp\/v2\/comments?post=2647"}],"version-history":[{"count":4,"href":"https:\/\/seberaltubeikastola.eus\/es\/wp-json\/wp\/v2\/pages\/2647\/revisions"}],"predecessor-version":[{"id":3136,"href":"https:\/\/seberaltubeikastola.eus\/es\/wp-json\/wp\/v2\/pages\/2647\/revisions\/3136"}],"wp:attachment":[{"href":"https:\/\/seberaltubeikastola.eus\/es\/wp-json\/wp\/v2\/media?parent=2647"}],"curies":[{"name":"wp","href":"https:\/\/api.w.org\/{rel}","templated":true}]}}