{"id":2672,"date":"2020-12-16T09:58:20","date_gmt":"2020-12-16T08:58:20","guid":{"rendered":"https:\/\/seberaltubeikastola.eus\/hezkuntza\/proiektuak\/guraso-eskolak\/"},"modified":"2022-03-16T10:47:51","modified_gmt":"2022-03-16T09:47:51","slug":"guraso-eskolak","status":"publish","type":"page","link":"https:\/\/seberaltubeikastola.eus\/es\/hezkuntza\/proiektuak\/guraso-eskolak\/","title":{"rendered":"Escuelas para familias"},"content":{"rendered":"<section class=\"l-section wpb_row height_medium\"><div class=\"l-section-h i-cf\"><div class=\"g-cols vc_row via_flex valign_top type_default stacking_default\"><div class=\"vc_col-sm-6 wpb_column vc_column_container\"><div class=\"vc_column-inner\"><div class=\"wpb_wrapper\"><div class=\"w-image align_none\"><div class=\"w-image-h\"><img decoding=\"async\" width=\"1024\" height=\"576\" src=\"https:\/\/seberaltubeikastola.eus\/wp-content\/uploads\/2020\/10\/20170303_174440-1024x576.jpg\" class=\"attachment-large size-large\" alt=\"\" loading=\"lazy\" srcset=\"https:\/\/seberaltubeikastola.eus\/wp-content\/uploads\/2020\/10\/20170303_174440-1024x576.jpg 1024w, https:\/\/seberaltubeikastola.eus\/wp-content\/uploads\/2020\/10\/20170303_174440-300x169.jpg 300w\" sizes=\"auto, (max-width: 1024px) 100vw, 1024px\" \/><\/div><\/div><\/div><\/div><\/div><div class=\"vc_col-sm-6 wpb_column vc_column_container\"><div class=\"vc_column-inner\"><div class=\"wpb_wrapper\"><div class=\"wpb_text_column\"><div class=\"wpb_wrapper\"><p>Las escuelas para familias son espacios para responder a nuestros intereses e inquietudes en los hogares. A trav\u00e9s de los padres y madres representantes recogemos propuestas de posibles temas y organizamos cursos y talleres con la intenci\u00f3n de aprender juntos.<\/p>\n<p>Los temas pueden ser variados y dependen de los intereses: el uso adecuado de las tecnolog\u00edas digitales, la formaci\u00f3n Bloksi para gestionar el uso de Chromebook, el desarrollo emocional de los ni\u00f1os y ni\u00f1as, la sexualidad&#8230;<\/p>\n<\/div><\/div><\/div><\/div><\/div><\/div><\/div><\/section>\n","protected":false},"excerpt":{"rendered":"Las escuelas para familias son espacios para responder a nuestros intereses e inquietudes en los hogares. A trav\u00e9s de los padres y madres representantes recogemos propuestas de posibles temas y organizamos cursos y talleres con la intenci\u00f3n de aprender juntos. Los temas pueden ser variados y dependen de los intereses: el uso adecuado de las...","protected":false},"author":1,"featured_media":2173,"parent":2604,"menu_order":0,"comment_status":"closed","ping_status":"closed","template":"","meta":{"_acf_changed":false,"footnotes":""},"class_list":["post-2672","page","type-page","status-publish","has-post-thumbnail","hentry"],"acf":[],"_links":{"self":[{"href":"https:\/\/seberaltubeikastola.eus\/es\/wp-json\/wp\/v2\/pages\/2672","targetHints":{"allow":["GET"]}}],"collection":[{"href":"https:\/\/seberaltubeikastola.eus\/es\/wp-json\/wp\/v2\/pages"}],"about":[{"href":"https:\/\/seberaltubeikastola.eus\/es\/wp-json\/wp\/v2\/types\/page"}],"author":[{"embeddable":true,"href":"https:\/\/seberaltubeikastola.eus\/es\/wp-json\/wp\/v2\/users\/1"}],"replies":[{"embeddable":true,"href":"https:\/\/seberaltubeikastola.eus\/es\/wp-json\/wp\/v2\/comments?post=2672"}],"version-history":[{"count":3,"href":"https:\/\/seberaltubeikastola.eus\/es\/wp-json\/wp\/v2\/pages\/2672\/revisions"}],"predecessor-version":[{"id":2679,"href":"https:\/\/seberaltubeikastola.eus\/es\/wp-json\/wp\/v2\/pages\/2672\/revisions\/2679"}],"up":[{"embeddable":true,"href":"https:\/\/seberaltubeikastola.eus\/es\/wp-json\/wp\/v2\/pages\/2604"}],"wp:featuredmedia":[{"embeddable":true,"href":"https:\/\/seberaltubeikastola.eus\/es\/wp-json\/wp\/v2\/media\/2173"}],"wp:attachment":[{"href":"https:\/\/seberaltubeikastola.eus\/es\/wp-json\/wp\/v2\/media?parent=2672"}],"curies":[{"name":"wp","href":"https:\/\/api.w.org\/{rel}","templated":true}]}}