{"id":2696,"date":"2020-12-16T10:33:36","date_gmt":"2020-12-16T09:33:36","guid":{"rendered":"https:\/\/seberaltubeikastola.eus\/hezkuntza\/proiektuak\/ongi-etorri-errefuxiatuak\/"},"modified":"2022-03-16T12:10:26","modified_gmt":"2022-03-16T11:10:26","slug":"ongi-etorri-errefuxiatuak","status":"publish","type":"page","link":"https:\/\/seberaltubeikastola.eus\/es\/hezkuntza\/proiektuak\/ongi-etorri-errefuxiatuak\/","title":{"rendered":"Ongi Etorri Errefuxiatuak"},"content":{"rendered":"<section class=\"l-section wpb_row height_medium\"><div class=\"l-section-h i-cf\"><div class=\"g-cols vc_row via_flex valign_top type_default stacking_default\"><div class=\"vc_col-sm-6 wpb_column vc_column_container\"><div class=\"vc_column-inner\"><div class=\"wpb_wrapper\"><div class=\"w-image align_none\"><div class=\"w-image-h\"><img decoding=\"async\" width=\"1024\" height=\"745\" src=\"https:\/\/seberaltubeikastola.eus\/wp-content\/uploads\/2020\/12\/errefuxiatuak.png\" class=\"attachment-large size-large\" alt=\"\" loading=\"lazy\" srcset=\"https:\/\/seberaltubeikastola.eus\/wp-content\/uploads\/2020\/12\/errefuxiatuak.png 1024w, https:\/\/seberaltubeikastola.eus\/wp-content\/uploads\/2020\/12\/errefuxiatuak-300x218.png 300w\" sizes=\"auto, (max-width: 1024px) 100vw, 1024px\" \/><\/div><\/div><\/div><\/div><\/div><div class=\"vc_col-sm-6 wpb_column vc_column_container\"><div class=\"vc_column-inner\"><div class=\"wpb_wrapper\"><div class=\"wpb_text_column\"><div class=\"wpb_wrapper\"><p>Busturialdea es Comarca de Acogida y en colaboraci\u00f3n con miembros de Ongi Etorri Errefuxiatuak se basa en traer a las aulas testimonios directos de ciudadanos extranjeros residentes en nuestro pa\u00eds. Los alumnos de LH y DBH suelen escuchar atentamente de en primera persona el viaje desde \u00c1frica hasta aqu\u00ed: por qu\u00e9 se fueron de su pueblo, c\u00f3mo era su vida all\u00ed, si a\u00f1oraban a sus familiares y amigos, c\u00f3mo vivrn aqu\u00ed&#8230; y mil preguntas mas. Una experiencia realmente preciosa de la que aprender mucho.<\/p>\n<\/div><\/div><\/div><\/div><\/div><\/div><\/div><\/section>\n","protected":false},"excerpt":{"rendered":"Busturialdea es Comarca de Acogida y en colaboraci\u00f3n con miembros de Ongi Etorri Errefuxiatuak se basa en traer a las aulas testimonios directos de ciudadanos extranjeros residentes en nuestro pa\u00eds. Los alumnos de LH y DBH suelen escuchar atentamente de en primera persona el viaje desde \u00c1frica hasta aqu\u00ed: por qu\u00e9 se fueron de su...","protected":false},"author":1,"featured_media":2282,"parent":2604,"menu_order":0,"comment_status":"closed","ping_status":"closed","template":"","meta":{"_acf_changed":false,"footnotes":""},"class_list":["post-2696","page","type-page","status-publish","has-post-thumbnail","hentry"],"acf":[],"_links":{"self":[{"href":"https:\/\/seberaltubeikastola.eus\/es\/wp-json\/wp\/v2\/pages\/2696","targetHints":{"allow":["GET"]}}],"collection":[{"href":"https:\/\/seberaltubeikastola.eus\/es\/wp-json\/wp\/v2\/pages"}],"about":[{"href":"https:\/\/seberaltubeikastola.eus\/es\/wp-json\/wp\/v2\/types\/page"}],"author":[{"embeddable":true,"href":"https:\/\/seberaltubeikastola.eus\/es\/wp-json\/wp\/v2\/users\/1"}],"replies":[{"embeddable":true,"href":"https:\/\/seberaltubeikastola.eus\/es\/wp-json\/wp\/v2\/comments?post=2696"}],"version-history":[{"count":2,"href":"https:\/\/seberaltubeikastola.eus\/es\/wp-json\/wp\/v2\/pages\/2696\/revisions"}],"predecessor-version":[{"id":2698,"href":"https:\/\/seberaltubeikastola.eus\/es\/wp-json\/wp\/v2\/pages\/2696\/revisions\/2698"}],"up":[{"embeddable":true,"href":"https:\/\/seberaltubeikastola.eus\/es\/wp-json\/wp\/v2\/pages\/2604"}],"wp:featuredmedia":[{"embeddable":true,"href":"https:\/\/seberaltubeikastola.eus\/es\/wp-json\/wp\/v2\/media\/2282"}],"wp:attachment":[{"href":"https:\/\/seberaltubeikastola.eus\/es\/wp-json\/wp\/v2\/media?parent=2696"}],"curies":[{"name":"wp","href":"https:\/\/api.w.org\/{rel}","templated":true}]}}