{"id":2772,"date":"2020-12-16T11:11:05","date_gmt":"2020-12-16T10:11:05","guid":{"rendered":"https:\/\/seberaltubeikastola.eus\/hezkuntza\/proiektuak\/euskaraldia\/"},"modified":"2022-05-31T11:46:26","modified_gmt":"2022-05-31T10:46:26","slug":"euskaraldia","status":"publish","type":"page","link":"https:\/\/seberaltubeikastola.eus\/es\/hezkuntza\/proiektuak\/euskaraldia\/","title":{"rendered":"Euskaraldia"},"content":{"rendered":"<section class=\"l-section wpb_row height_medium\"><div class=\"l-section-h i-cf\"><div class=\"g-cols vc_row via_flex valign_top type_default stacking_default\"><div class=\"vc_col-sm-6 wpb_column vc_column_container\"><div class=\"vc_column-inner\"><div class=\"wpb_wrapper\"><div class=\"w-slider style_none fit_scaledown nav_none count_2\"><div class=\"w-slider-h\" aria-hidden=\"true\"><div class=\"royalSlider\"><div class=\"rsContent\"><a class=\"rsImg\" data-rsw=\"1024\" data-rsh=\"713\" href=\"https:\/\/seberaltubeikastola.eus\/wp-content\/uploads\/2020\/12\/euskaraldia-1024x713.jpg\"><span data-alt=\"\"><\/span><\/a><\/div><div class=\"rsContent\"><a class=\"rsImg\" data-rsw=\"1024\" data-rsh=\"682\" href=\"https:\/\/seberaltubeikastola.eus\/wp-content\/uploads\/2020\/12\/euskaraldia-2-1024x682.jpg\"><span data-alt=\"\"><\/span><\/a><\/div><\/div><img decoding=\"async\" src=\"https:\/\/seberaltubeikastola.eus\/wp-content\/uploads\/2020\/12\/euskaraldia-1024x713.jpg\" width=\"1024\" height=\"713\" alt loading=\"lazy\"><\/div><div class=\"w-slider-json\" onclick='return {&quot;autoScaleSlider&quot;:true,&quot;addActiveClass&quot;:true,&quot;loop&quot;:true,&quot;fadeInLoadedSlide&quot;:false,&quot;slidesSpacing&quot;:0,&quot;imageScalePadding&quot;:0,&quot;numImagesToPreload&quot;:2,&quot;arrowsNav&quot;:true,&quot;arrowsNavAutoHide&quot;:false,&quot;transitionType&quot;:&quot;move&quot;,&quot;transitionSpeed&quot;:250,&quot;block&quot;:{&quot;moveEffect&quot;:&quot;none&quot;,&quot;speed&quot;:300},&quot;thumbs&quot;:{&quot;fitInViewport&quot;:false,&quot;firstMargin&quot;:false,&quot;spacing&quot;:4},&quot;controlNavigation&quot;:&quot;none&quot;,&quot;autoScaleSliderWidth&quot;:1024,&quot;autoScaleSliderHeight&quot;:713}'><\/div><\/div><\/div><\/div><\/div><div class=\"vc_col-sm-6 wpb_column vc_column_container\"><div class=\"vc_column-inner\"><div class=\"wpb_wrapper\"><div class=\"wpb_text_column\"><div class=\"wpb_wrapper\"><p>El objetivo principal de Euskaraldia es aumentar el uso del euskera a trav\u00e9s del cambio de h\u00e1bitos ling\u00fc\u00edsticos de la ciudadan\u00eda. En 2018 se realiz\u00f3 por primera vez el ejercicio, Euskaraldia: 11 d\u00edas en euskera; entonces se puso el foco en los individuos y fueron miles los que participaron en el ejercicio a modo de ahobizi y belarriprest con el objetivo de cambiar los h\u00e1bitos ling\u00fc\u00edsticos. La segunda edici\u00f3n se celebr\u00f3 en 2020 y en esta ocasi\u00f3n tambi\u00e9n se invit\u00f3 a las entidades a participar en el ejercicio. Desde Seber Altube hemos participado activamente en las dos ediciones de euskera y adem\u00e1s de ser el Arigune, hemos llevado a cabo iniciativas especiales con los alumnos\/as.<\/p>\n<\/div><\/div><\/div><\/div><\/div><\/div><\/div><\/section>\n","protected":false},"excerpt":{"rendered":"El objetivo principal de Euskaraldia es aumentar el uso del euskera a trav\u00e9s del cambio de h\u00e1bitos ling\u00fc\u00edsticos de la ciudadan\u00eda. En 2018 se realiz\u00f3 por primera vez el ejercicio, Euskaraldia: 11 d\u00edas en euskera; entonces se puso el foco en los individuos y fueron miles los que participaron en el ejercicio a modo de...","protected":false},"author":1,"featured_media":2286,"parent":2604,"menu_order":0,"comment_status":"closed","ping_status":"closed","template":"","meta":{"_acf_changed":false,"footnotes":""},"class_list":["post-2772","page","type-page","status-publish","has-post-thumbnail","hentry"],"acf":[],"_links":{"self":[{"href":"https:\/\/seberaltubeikastola.eus\/es\/wp-json\/wp\/v2\/pages\/2772","targetHints":{"allow":["GET"]}}],"collection":[{"href":"https:\/\/seberaltubeikastola.eus\/es\/wp-json\/wp\/v2\/pages"}],"about":[{"href":"https:\/\/seberaltubeikastola.eus\/es\/wp-json\/wp\/v2\/types\/page"}],"author":[{"embeddable":true,"href":"https:\/\/seberaltubeikastola.eus\/es\/wp-json\/wp\/v2\/users\/1"}],"replies":[{"embeddable":true,"href":"https:\/\/seberaltubeikastola.eus\/es\/wp-json\/wp\/v2\/comments?post=2772"}],"version-history":[{"count":1,"href":"https:\/\/seberaltubeikastola.eus\/es\/wp-json\/wp\/v2\/pages\/2772\/revisions"}],"predecessor-version":[{"id":2773,"href":"https:\/\/seberaltubeikastola.eus\/es\/wp-json\/wp\/v2\/pages\/2772\/revisions\/2773"}],"up":[{"embeddable":true,"href":"https:\/\/seberaltubeikastola.eus\/es\/wp-json\/wp\/v2\/pages\/2604"}],"wp:featuredmedia":[{"embeddable":true,"href":"https:\/\/seberaltubeikastola.eus\/es\/wp-json\/wp\/v2\/media\/2286"}],"wp:attachment":[{"href":"https:\/\/seberaltubeikastola.eus\/es\/wp-json\/wp\/v2\/media?parent=2772"}],"curies":[{"name":"wp","href":"https:\/\/api.w.org\/{rel}","templated":true}]}}