{"id":2774,"date":"2020-12-16T11:13:43","date_gmt":"2020-12-16T10:13:43","guid":{"rendered":"https:\/\/seberaltubeikastola.eus\/hezkuntza\/proiektuak\/korrika\/"},"modified":"2022-05-31T11:53:41","modified_gmt":"2022-05-31T10:53:41","slug":"korrika","status":"publish","type":"page","link":"https:\/\/seberaltubeikastola.eus\/es\/hezkuntza\/proiektuak\/korrika\/","title":{"rendered":"Korrika"},"content":{"rendered":"<section class=\"l-section wpb_row height_medium\"><div class=\"l-section-h i-cf\"><div class=\"g-cols vc_row via_flex valign_top type_default stacking_default\"><div class=\"vc_col-sm-6 wpb_column vc_column_container\"><div class=\"vc_column-inner\"><div class=\"wpb_wrapper\"><div class=\"w-video align_none ratio_16x9 has_iframe\"><div class=\"w-video-h\"><iframe title=\"Youtube video player\" src=\"\/\/www.youtube.com\/embed\/2tJL_4NsJCU?autoplay=0&controls=1&origin=https:\/\/seberaltubeikastola.eus\/es\/&loop=0&mute=0\" allowfullscreen=\"1\" loading=\"lazy\"><\/iframe><\/div><\/div><\/div><\/div><\/div><div class=\"vc_col-sm-6 wpb_column vc_column_container\"><div class=\"vc_column-inner\"><div class=\"wpb_wrapper\"><div class=\"wpb_text_column\"><div class=\"wpb_wrapper\"><p>Korrika es una de las iniciativas m\u00e1s maravillosas que tenemos en Euskal Herria: es una iniciativa gigante a favor del euskera que se lleva a cabo a lo largo de toda EH. Su objetivo es estimular la conciencia a favor del euskera y recaudar fondos para reforzar el trabajo diario de los euskaltegis.<\/p>\n<p>Desde que en 1980 se organizara la primera Korrika que recorri\u00f3 Euskal Herria desde O\u00f1ati hasta Bilbao, es uno de los eventos m\u00e1s multitudinarios e importantes a favor del euskera que se organizan. M\u00e1s de dos mil kil\u00f3metros a favor del euskera, con miles de participantes de todas las edades y tipos, sin parar d\u00eda y noche.<\/p>\n<p>Korrika se ha convertido cada dos a\u00f1os en un acontecimiento que sacude a la sociedad de Euskal Herria y mientras dura, se organizan cientos de festivales, eventos culturales, etc. Adem\u00e1s de participar en la propia Korrika de Seber Altube, organizamos diferentes iniciativas activando a nuestra comunidad a favor del euskera.<\/p>\n<\/div><\/div><\/div><\/div><\/div><\/div><\/div><\/section>\n","protected":false},"excerpt":{"rendered":"Korrika es una de las iniciativas m\u00e1s maravillosas que tenemos en Euskal Herria: es una iniciativa gigante a favor del euskera que se lleva a cabo a lo largo de toda EH. Su objetivo es estimular la conciencia a favor del euskera y recaudar fondos para reforzar el trabajo diario de los euskaltegis. Desde que...","protected":false},"author":1,"featured_media":2286,"parent":2604,"menu_order":0,"comment_status":"closed","ping_status":"closed","template":"","meta":{"_acf_changed":false,"footnotes":""},"class_list":["post-2774","page","type-page","status-publish","has-post-thumbnail","hentry"],"acf":[],"_links":{"self":[{"href":"https:\/\/seberaltubeikastola.eus\/es\/wp-json\/wp\/v2\/pages\/2774","targetHints":{"allow":["GET"]}}],"collection":[{"href":"https:\/\/seberaltubeikastola.eus\/es\/wp-json\/wp\/v2\/pages"}],"about":[{"href":"https:\/\/seberaltubeikastola.eus\/es\/wp-json\/wp\/v2\/types\/page"}],"author":[{"embeddable":true,"href":"https:\/\/seberaltubeikastola.eus\/es\/wp-json\/wp\/v2\/users\/1"}],"replies":[{"embeddable":true,"href":"https:\/\/seberaltubeikastola.eus\/es\/wp-json\/wp\/v2\/comments?post=2774"}],"version-history":[{"count":1,"href":"https:\/\/seberaltubeikastola.eus\/es\/wp-json\/wp\/v2\/pages\/2774\/revisions"}],"predecessor-version":[{"id":2776,"href":"https:\/\/seberaltubeikastola.eus\/es\/wp-json\/wp\/v2\/pages\/2774\/revisions\/2776"}],"up":[{"embeddable":true,"href":"https:\/\/seberaltubeikastola.eus\/es\/wp-json\/wp\/v2\/pages\/2604"}],"wp:featuredmedia":[{"embeddable":true,"href":"https:\/\/seberaltubeikastola.eus\/es\/wp-json\/wp\/v2\/media\/2286"}],"wp:attachment":[{"href":"https:\/\/seberaltubeikastola.eus\/es\/wp-json\/wp\/v2\/media?parent=2774"}],"curies":[{"name":"wp","href":"https:\/\/api.w.org\/{rel}","templated":true}]}}