{"id":2779,"date":"2020-12-16T10:14:06","date_gmt":"2020-12-16T09:14:06","guid":{"rendered":"https:\/\/seberaltubeikastola.eus\/hezkuntza\/proiektuak\/eleanitz\/"},"modified":"2022-05-31T12:04:49","modified_gmt":"2022-05-31T11:04:49","slug":"eleanitz","status":"publish","type":"page","link":"https:\/\/seberaltubeikastola.eus\/es\/hezkuntza\/proiektuak\/eleanitz\/","title":{"rendered":"Eleanitz"},"content":{"rendered":"<section class=\"l-section wpb_row height_medium\"><div class=\"l-section-h i-cf\"><div class=\"g-cols vc_row via_flex valign_top type_default stacking_default\"><div class=\"vc_col-sm-6 wpb_column vc_column_container\"><div class=\"vc_column-inner\"><div class=\"wpb_wrapper\"><div class=\"w-image align_none\"><div class=\"w-image-h\"><img decoding=\"async\" width=\"1024\" height=\"509\" src=\"https:\/\/seberaltubeikastola.eus\/wp-content\/uploads\/2020\/10\/eleanitz-1-1024x509.png\" class=\"attachment-large size-large\" alt=\"\" loading=\"lazy\" srcset=\"https:\/\/seberaltubeikastola.eus\/wp-content\/uploads\/2020\/10\/eleanitz-1-1024x509.png 1024w, https:\/\/seberaltubeikastola.eus\/wp-content\/uploads\/2020\/10\/eleanitz-1-300x149.png 300w, https:\/\/seberaltubeikastola.eus\/wp-content\/uploads\/2020\/10\/eleanitz-1.png 1324w\" sizes=\"auto, (max-width: 1024px) 100vw, 1024px\" \/><\/div><\/div><\/div><\/div><\/div><div class=\"vc_col-sm-6 wpb_column vc_column_container\"><div class=\"vc_column-inner\"><div class=\"wpb_wrapper\"><div class=\"wpb_text_column\"><div class=\"wpb_wrapper\"><p>Eleanitz naci\u00f3 con el objetivo de educar a los vascoparlantes pluriling\u00fces. Los procesos de ense\u00f1anza y aprendizaje del euskera, castellano, ingl\u00e9s y franc\u00e9s se enmarcaron en un marco metodol\u00f3gico y curr\u00edculum com\u00fan.<\/p>\n<ol>\n<li>Principales caracter\u00edsticas:<\/li>\n<li>Implantaci\u00f3n precoz del ingl\u00e9s a partir de 4 a\u00f1os.<\/li>\n<li>Implantaci\u00f3n del franc\u00e9s a partir de 1\u00ba de Educaci\u00f3n Secundaria Obligatoria.<\/li>\n<li>Materiales did\u00e1cticos y did\u00e1cticos creados en el enfoque basado en la acci\u00f3n: el aprendizaje de la lengua se lleva a cabo mediante la realizaci\u00f3n de acciones significativas y comparti\u00e9ndolas con los dem\u00e1s.<\/li>\n<li>Materiales did\u00e1cticos progresivos y coherentes para el tramo de 4 a 16 a\u00f1os.<\/li>\n<li>Basado en la formaci\u00f3n y desarrollo profesional del profesorado.<\/li>\n<li>Seguimiento y perfeccionamiento de los materiales did\u00e1cticos de los m\u00e9todos de ense\u00f1anza y de la formaci\u00f3n del profesorado a trav\u00e9s de evaluaciones internas y externas.<\/li>\n<\/ol>\n<\/div><\/div><\/div><\/div><\/div><\/div><\/div><\/section>\n","protected":false},"excerpt":{"rendered":"Eleanitz naci\u00f3 con el objetivo de educar a los vascoparlantes pluriling\u00fces. Los procesos de ense\u00f1anza y aprendizaje del euskera, castellano, ingl\u00e9s y franc\u00e9s se enmarcaron en un marco metodol\u00f3gico y curr\u00edculum com\u00fan. Principales caracter\u00edsticas: Implantaci\u00f3n precoz del ingl\u00e9s a partir de 4 a\u00f1os. Implantaci\u00f3n del franc\u00e9s a partir de 1\u00ba de Educaci\u00f3n Secundaria Obligatoria. Materiales...","protected":false},"author":1,"featured_media":2177,"parent":2604,"menu_order":0,"comment_status":"closed","ping_status":"closed","template":"","meta":{"_acf_changed":false,"footnotes":""},"class_list":["post-2779","page","type-page","status-publish","has-post-thumbnail","hentry"],"acf":[],"_links":{"self":[{"href":"https:\/\/seberaltubeikastola.eus\/es\/wp-json\/wp\/v2\/pages\/2779","targetHints":{"allow":["GET"]}}],"collection":[{"href":"https:\/\/seberaltubeikastola.eus\/es\/wp-json\/wp\/v2\/pages"}],"about":[{"href":"https:\/\/seberaltubeikastola.eus\/es\/wp-json\/wp\/v2\/types\/page"}],"author":[{"embeddable":true,"href":"https:\/\/seberaltubeikastola.eus\/es\/wp-json\/wp\/v2\/users\/1"}],"replies":[{"embeddable":true,"href":"https:\/\/seberaltubeikastola.eus\/es\/wp-json\/wp\/v2\/comments?post=2779"}],"version-history":[{"count":1,"href":"https:\/\/seberaltubeikastola.eus\/es\/wp-json\/wp\/v2\/pages\/2779\/revisions"}],"predecessor-version":[{"id":2780,"href":"https:\/\/seberaltubeikastola.eus\/es\/wp-json\/wp\/v2\/pages\/2779\/revisions\/2780"}],"up":[{"embeddable":true,"href":"https:\/\/seberaltubeikastola.eus\/es\/wp-json\/wp\/v2\/pages\/2604"}],"wp:featuredmedia":[{"embeddable":true,"href":"https:\/\/seberaltubeikastola.eus\/es\/wp-json\/wp\/v2\/media\/2177"}],"wp:attachment":[{"href":"https:\/\/seberaltubeikastola.eus\/es\/wp-json\/wp\/v2\/media?parent=2779"}],"curies":[{"name":"wp","href":"https:\/\/api.w.org\/{rel}","templated":true}]}}