{"id":2781,"date":"2020-12-16T10:02:49","date_gmt":"2020-12-16T09:02:49","guid":{"rendered":"https:\/\/seberaltubeikastola.eus\/hezkuntza\/proiektuak\/alemaniarekin-elkartrukeak\/"},"modified":"2022-06-01T10:30:32","modified_gmt":"2022-06-01T09:30:32","slug":"alemaniarekin-elkartrukeak","status":"publish","type":"page","link":"https:\/\/seberaltubeikastola.eus\/es\/hezkuntza\/proiektuak\/alemaniarekin-elkartrukeak\/","title":{"rendered":"Alemaniarekin elkartrukeak"},"content":{"rendered":"<section class=\"l-section wpb_row height_medium\"><div class=\"l-section-h i-cf\"><div class=\"g-cols vc_row via_flex valign_top type_default stacking_default\"><div class=\"vc_col-sm-6 wpb_column vc_column_container\"><div class=\"vc_column-inner\"><div class=\"wpb_wrapper\"><div class=\"w-slider style_none fit_scaledown nav_none count_8\"><div class=\"w-slider-h\" aria-hidden=\"true\"><div class=\"royalSlider\"><div class=\"rsContent\"><a class=\"rsImg\" data-rsw=\"960\" data-rsh=\"540\" href=\"https:\/\/seberaltubeikastola.eus\/wp-content\/uploads\/2020\/12\/INTERCAMBIO9.jpg\"><span data-alt=\"\"><\/span><\/a><\/div><div class=\"rsContent\"><a class=\"rsImg\" data-rsw=\"960\" data-rsh=\"720\" href=\"https:\/\/seberaltubeikastola.eus\/wp-content\/uploads\/2020\/12\/intercambio.jpg\"><span data-alt=\"\"><\/span><\/a><\/div><div class=\"rsContent\"><a class=\"rsImg\" data-rsw=\"960\" data-rsh=\"720\" href=\"https:\/\/seberaltubeikastola.eus\/wp-content\/uploads\/2020\/12\/INTERCAMBIO-6.jpg\"><span data-alt=\"\"><\/span><\/a><\/div><div class=\"rsContent\"><a class=\"rsImg\" data-rsw=\"960\" data-rsh=\"720\" href=\"https:\/\/seberaltubeikastola.eus\/wp-content\/uploads\/2020\/12\/intercambio-5.jpg\"><span data-alt=\"\"><\/span><\/a><\/div><div class=\"rsContent\"><a class=\"rsImg\" data-rsw=\"960\" data-rsh=\"720\" href=\"https:\/\/seberaltubeikastola.eus\/wp-content\/uploads\/2020\/12\/intercambio-2.jpg\"><span data-alt=\"\"><\/span><\/a><\/div><div class=\"rsContent\"><a class=\"rsImg\" data-rsw=\"960\" data-rsh=\"720\" href=\"https:\/\/seberaltubeikastola.eus\/wp-content\/uploads\/2020\/12\/intercabio.jpg\"><span data-alt=\"\"><\/span><\/a><\/div><div class=\"rsContent\"><a class=\"rsImg\" data-rsw=\"1024\" data-rsh=\"768\" href=\"https:\/\/seberaltubeikastola.eus\/wp-content\/uploads\/2020\/12\/INTER-1024x768.jpg\"><span data-alt=\"\"><\/span><\/a><\/div><div class=\"rsContent\"><a class=\"rsImg\" data-rsw=\"1024\" data-rsh=\"768\" href=\"https:\/\/seberaltubeikastola.eus\/wp-content\/uploads\/2020\/12\/INTER-3-1024x768.jpg\"><span data-alt=\"\"><\/span><\/a><\/div><\/div><img decoding=\"async\" src=\"https:\/\/seberaltubeikastola.eus\/wp-content\/uploads\/2020\/12\/INTERCAMBIO9.jpg\" width=\"960\" height=\"540\" alt loading=\"lazy\"><\/div><div class=\"w-slider-json\" onclick='return {&quot;autoScaleSlider&quot;:true,&quot;addActiveClass&quot;:true,&quot;loop&quot;:true,&quot;fadeInLoadedSlide&quot;:false,&quot;slidesSpacing&quot;:0,&quot;imageScalePadding&quot;:0,&quot;numImagesToPreload&quot;:2,&quot;arrowsNav&quot;:true,&quot;arrowsNavAutoHide&quot;:false,&quot;transitionType&quot;:&quot;move&quot;,&quot;transitionSpeed&quot;:250,&quot;block&quot;:{&quot;moveEffect&quot;:&quot;none&quot;,&quot;speed&quot;:300},&quot;thumbs&quot;:{&quot;fitInViewport&quot;:false,&quot;firstMargin&quot;:false,&quot;spacing&quot;:4},&quot;controlNavigation&quot;:&quot;none&quot;,&quot;autoScaleSliderWidth&quot;:960,&quot;autoScaleSliderHeight&quot;:540}'><\/div><\/div><\/div><\/div><\/div><div class=\"vc_col-sm-6 wpb_column vc_column_container\"><div class=\"vc_column-inner\"><div class=\"wpb_wrapper\"><div class=\"wpb_text_column\"><div class=\"wpb_wrapper\"><p>Somos memoria. Entender lo que nos ha pasado en el pasado nos es imprescindible para caminar, para imaginar el futuro. Por eso, sabiendo que tenemos una relaci\u00f3n especial con Alemania, hace a\u00f1os que realizamos intercambios entre nuestros alumnos\/as. Esa relaci\u00f3n especial se reviste de sentido com\u00fan y qu\u00e9 nos uni\u00f3 en el pasado para transformarnos en el presente.<\/p>\n<p>Sabiendo que el conocimiento de otros pueblos, lenguas y culturas tambi\u00e9n nos enriquece, son especiales los intercambios que realizamos con j\u00f3venes alemanes. Vienen a nuestras casas y nos vamos a sus casas: enriqueci\u00e9ndonos todos en esa convivencia.<\/p>\n<\/div><\/div><\/div><\/div><\/div><\/div><\/div><\/section>\n","protected":false},"excerpt":{"rendered":"Somos memoria. Entender lo que nos ha pasado en el pasado nos es imprescindible para caminar, para imaginar el futuro. Por eso, sabiendo que tenemos una relaci\u00f3n especial con Alemania, hace a\u00f1os que realizamos intercambios entre nuestros alumnos\/as. Esa relaci\u00f3n especial se reviste de sentido com\u00fan y qu\u00e9 nos uni\u00f3 en el pasado para transformarnos...","protected":false},"author":1,"featured_media":2156,"parent":2604,"menu_order":0,"comment_status":"closed","ping_status":"closed","template":"","meta":{"_acf_changed":false,"footnotes":""},"class_list":["post-2781","page","type-page","status-publish","has-post-thumbnail","hentry"],"acf":[],"_links":{"self":[{"href":"https:\/\/seberaltubeikastola.eus\/es\/wp-json\/wp\/v2\/pages\/2781","targetHints":{"allow":["GET"]}}],"collection":[{"href":"https:\/\/seberaltubeikastola.eus\/es\/wp-json\/wp\/v2\/pages"}],"about":[{"href":"https:\/\/seberaltubeikastola.eus\/es\/wp-json\/wp\/v2\/types\/page"}],"author":[{"embeddable":true,"href":"https:\/\/seberaltubeikastola.eus\/es\/wp-json\/wp\/v2\/users\/1"}],"replies":[{"embeddable":true,"href":"https:\/\/seberaltubeikastola.eus\/es\/wp-json\/wp\/v2\/comments?post=2781"}],"version-history":[{"count":1,"href":"https:\/\/seberaltubeikastola.eus\/es\/wp-json\/wp\/v2\/pages\/2781\/revisions"}],"predecessor-version":[{"id":2782,"href":"https:\/\/seberaltubeikastola.eus\/es\/wp-json\/wp\/v2\/pages\/2781\/revisions\/2782"}],"up":[{"embeddable":true,"href":"https:\/\/seberaltubeikastola.eus\/es\/wp-json\/wp\/v2\/pages\/2604"}],"wp:featuredmedia":[{"embeddable":true,"href":"https:\/\/seberaltubeikastola.eus\/es\/wp-json\/wp\/v2\/media\/2156"}],"wp:attachment":[{"href":"https:\/\/seberaltubeikastola.eus\/es\/wp-json\/wp\/v2\/media?parent=2781"}],"curies":[{"name":"wp","href":"https:\/\/api.w.org\/{rel}","templated":true}]}}