{"id":2792,"date":"2020-12-16T10:42:56","date_gmt":"2020-12-16T09:42:56","guid":{"rendered":"https:\/\/seberaltubeikastola.eus\/hezkuntza\/proiektuak\/emakumearen-eguna\/"},"modified":"2022-06-01T11:25:19","modified_gmt":"2022-06-01T10:25:19","slug":"emakumearen-eguna","status":"publish","type":"page","link":"https:\/\/seberaltubeikastola.eus\/es\/hezkuntza\/proiektuak\/emakumearen-eguna\/","title":{"rendered":"Emakumearen eguna"},"content":{"rendered":"<section class=\"l-section wpb_row height_medium\"><div class=\"l-section-h i-cf\"><div class=\"g-cols vc_row via_flex valign_top type_default stacking_default\"><div class=\"vc_col-sm-6 wpb_column vc_column_container\"><div class=\"vc_column-inner\"><div class=\"wpb_wrapper\"><div class=\"w-slider style_none fit_scaledown nav_none count_5\"><div class=\"w-slider-h\" aria-hidden=\"true\"><div class=\"royalSlider\"><div class=\"rsContent\"><a class=\"rsImg\" data-rsw=\"1024\" data-rsh=\"768\" href=\"https:\/\/seberaltubeikastola.eus\/wp-content\/uploads\/2020\/12\/M8-seber-1024x768.jpg\"><span data-alt=\"\"><\/span><\/a><\/div><div class=\"rsContent\"><a class=\"rsImg\" data-rsw=\"960\" data-rsh=\"720\" href=\"https:\/\/seberaltubeikastola.eus\/wp-content\/uploads\/2020\/12\/m8-8.jpg\"><span data-alt=\"\"><\/span><\/a><\/div><div class=\"rsContent\"><a class=\"rsImg\" data-rsw=\"960\" data-rsh=\"540\" href=\"https:\/\/seberaltubeikastola.eus\/wp-content\/uploads\/2020\/12\/m8-4.jpg\"><span data-alt=\"\"><\/span><\/a><\/div><div class=\"rsContent\"><a class=\"rsImg\" data-rsw=\"1024\" data-rsh=\"768\" href=\"https:\/\/seberaltubeikastola.eus\/wp-content\/uploads\/2020\/12\/greba-feminista-1024x768.jpg\"><span data-alt=\"\"><\/span><\/a><\/div><div class=\"rsContent\"><a class=\"rsImg\" data-rsw=\"960\" data-rsh=\"720\" href=\"https:\/\/seberaltubeikastola.eus\/wp-content\/uploads\/2020\/12\/feminismoa.jpg\"><span data-alt=\"\"><\/span><\/a><\/div><\/div><img decoding=\"async\" src=\"https:\/\/seberaltubeikastola.eus\/wp-content\/uploads\/2020\/12\/M8-seber-1024x768.jpg\" width=\"1024\" height=\"768\" alt loading=\"lazy\"><\/div><div class=\"w-slider-json\" onclick='return {&quot;autoScaleSlider&quot;:true,&quot;addActiveClass&quot;:true,&quot;loop&quot;:true,&quot;fadeInLoadedSlide&quot;:false,&quot;slidesSpacing&quot;:0,&quot;imageScalePadding&quot;:0,&quot;numImagesToPreload&quot;:2,&quot;arrowsNav&quot;:true,&quot;arrowsNavAutoHide&quot;:false,&quot;transitionType&quot;:&quot;move&quot;,&quot;transitionSpeed&quot;:250,&quot;block&quot;:{&quot;moveEffect&quot;:&quot;none&quot;,&quot;speed&quot;:300},&quot;thumbs&quot;:{&quot;fitInViewport&quot;:false,&quot;firstMargin&quot;:false,&quot;spacing&quot;:4},&quot;controlNavigation&quot;:&quot;none&quot;,&quot;autoScaleSliderWidth&quot;:1024,&quot;autoScaleSliderHeight&quot;:768}'><\/div><\/div><\/div><\/div><\/div><div class=\"vc_col-sm-6 wpb_column vc_column_container\"><div class=\"vc_column-inner\"><div class=\"wpb_wrapper\"><div class=\"wpb_text_column\"><div class=\"wpb_wrapper\"><p>En Seber Altube somos conscientes de nuestra responsabilidad en la educaci\u00f3n e intentamos caminar cada d\u00eda por las bases que defiende el feminismo: en los contenidos, en la distribuci\u00f3n de espacios, en los materiales, en las actitudes&#8230; Para ello, el desarrollo de la educaci\u00f3n transversal ser\u00e1 importante creando una conexi\u00f3n entre el conocimiento disciplinar (matem\u00e1ticas, historia, arte, etc.) y los temas y contextos sociales, culturales y \u00e9ticos. Junto con la educaci\u00f3n transversal, cada d\u00eda nos ponemos unas gafas moradas con la intenci\u00f3n de crear una nueva sociedad basada en la igualdad.<\/p>\n<\/div><\/div><\/div><\/div><\/div><\/div><\/div><\/section>\n","protected":false},"excerpt":{"rendered":"En Seber Altube somos conscientes de nuestra responsabilidad en la educaci\u00f3n e intentamos caminar cada d\u00eda por las bases que defiende el feminismo: en los contenidos, en la distribuci\u00f3n de espacios, en los materiales, en las actitudes&#8230; Para ello, el desarrollo de la educaci\u00f3n transversal ser\u00e1 importante creando una conexi\u00f3n entre el conocimiento disciplinar (matem\u00e1ticas,...","protected":false},"author":1,"featured_media":2283,"parent":2604,"menu_order":0,"comment_status":"closed","ping_status":"closed","template":"","meta":{"_acf_changed":false,"footnotes":""},"class_list":["post-2792","page","type-page","status-publish","has-post-thumbnail","hentry"],"acf":[],"_links":{"self":[{"href":"https:\/\/seberaltubeikastola.eus\/es\/wp-json\/wp\/v2\/pages\/2792","targetHints":{"allow":["GET"]}}],"collection":[{"href":"https:\/\/seberaltubeikastola.eus\/es\/wp-json\/wp\/v2\/pages"}],"about":[{"href":"https:\/\/seberaltubeikastola.eus\/es\/wp-json\/wp\/v2\/types\/page"}],"author":[{"embeddable":true,"href":"https:\/\/seberaltubeikastola.eus\/es\/wp-json\/wp\/v2\/users\/1"}],"replies":[{"embeddable":true,"href":"https:\/\/seberaltubeikastola.eus\/es\/wp-json\/wp\/v2\/comments?post=2792"}],"version-history":[{"count":1,"href":"https:\/\/seberaltubeikastola.eus\/es\/wp-json\/wp\/v2\/pages\/2792\/revisions"}],"predecessor-version":[{"id":2793,"href":"https:\/\/seberaltubeikastola.eus\/es\/wp-json\/wp\/v2\/pages\/2792\/revisions\/2793"}],"up":[{"embeddable":true,"href":"https:\/\/seberaltubeikastola.eus\/es\/wp-json\/wp\/v2\/pages\/2604"}],"wp:featuredmedia":[{"embeddable":true,"href":"https:\/\/seberaltubeikastola.eus\/es\/wp-json\/wp\/v2\/media\/2283"}],"wp:attachment":[{"href":"https:\/\/seberaltubeikastola.eus\/es\/wp-json\/wp\/v2\/media?parent=2792"}],"curies":[{"name":"wp","href":"https:\/\/api.w.org\/{rel}","templated":true}]}}