{"id":2794,"date":"2020-12-16T11:03:09","date_gmt":"2020-12-16T10:03:09","guid":{"rendered":"https:\/\/seberaltubeikastola.eus\/hezkuntza\/proiektuak\/jantoki-proiektua\/"},"modified":"2022-06-01T11:29:01","modified_gmt":"2022-06-01T10:29:01","slug":"jantoki-proiektua","status":"publish","type":"page","link":"https:\/\/seberaltubeikastola.eus\/es\/hezkuntza\/proiektuak\/jantoki-proiektua\/","title":{"rendered":"Jantoki proiektua"},"content":{"rendered":"<section class=\"l-section wpb_row height_medium\"><div class=\"l-section-h i-cf\"><div class=\"g-cols vc_row via_flex valign_top type_default stacking_default\"><div class=\"vc_col-sm-6 wpb_column vc_column_container\"><div class=\"vc_column-inner\"><div class=\"wpb_wrapper\"><div class=\"w-slider style_none fit_scaledown nav_none count_2\"><div class=\"w-slider-h\" aria-hidden=\"true\"><div class=\"royalSlider\"><div class=\"rsContent\"><a class=\"rsImg\" data-rsw=\"1024\" data-rsh=\"791\" href=\"https:\/\/seberaltubeikastola.eus\/wp-content\/uploads\/2020\/10\/Jantoki-proiektua-2-1024x791.png\"><span data-alt=\"\"><\/span><\/a><\/div><div class=\"rsContent\"><a class=\"rsImg\" data-rsw=\"1024\" data-rsh=\"791\" href=\"https:\/\/seberaltubeikastola.eus\/wp-content\/uploads\/2020\/10\/Jantoki-proiektua-1-1024x791.png\"><span data-alt=\"\"><\/span><\/a><\/div><\/div><img decoding=\"async\" src=\"https:\/\/seberaltubeikastola.eus\/wp-content\/uploads\/2020\/10\/Jantoki-proiektua-2-1024x791.png\" width=\"1024\" height=\"791\" alt loading=\"lazy\"><\/div><div class=\"w-slider-json\" onclick='return {&quot;autoScaleSlider&quot;:true,&quot;addActiveClass&quot;:true,&quot;loop&quot;:true,&quot;fadeInLoadedSlide&quot;:false,&quot;slidesSpacing&quot;:0,&quot;imageScalePadding&quot;:0,&quot;numImagesToPreload&quot;:2,&quot;arrowsNav&quot;:true,&quot;arrowsNavAutoHide&quot;:false,&quot;transitionType&quot;:&quot;move&quot;,&quot;transitionSpeed&quot;:250,&quot;block&quot;:{&quot;moveEffect&quot;:&quot;none&quot;,&quot;speed&quot;:300},&quot;thumbs&quot;:{&quot;fitInViewport&quot;:false,&quot;firstMargin&quot;:false,&quot;spacing&quot;:4},&quot;controlNavigation&quot;:&quot;none&quot;,&quot;autoScaleSliderWidth&quot;:1024,&quot;autoScaleSliderHeight&quot;:791}'><\/div><\/div><\/div><\/div><\/div><div class=\"vc_col-sm-6 wpb_column vc_column_container\"><div class=\"vc_column-inner\"><div class=\"wpb_wrapper\"><div class=\"wpb_text_column\"><div class=\"wpb_wrapper\"><p>En la ikastola so\u00f1amos que era posible cambiar el modelo de comedor y empezamos a dar los primeros pasos para conseguir esa transformaci\u00f3n.<\/p>\n<p>Hemos asumido la gesti\u00f3n de las materias primas porque entendemos que es la base de una alimentaci\u00f3n m\u00e1s sana de nuestros hijos.<\/p>\n<p>Por su apuesta y esfuerzo para hacer realidad este nuevo camino, gracias a todas las familias, trabajadores\/as y a todos los que formamos la comunidad de ikastolas.<\/p>\n<\/div><\/div><\/div><\/div><\/div><\/div><\/div><\/section>\n","protected":false},"excerpt":{"rendered":"En la ikastola so\u00f1amos que era posible cambiar el modelo de comedor y empezamos a dar los primeros pasos para conseguir esa transformaci\u00f3n. Hemos asumido la gesti\u00f3n de las materias primas porque entendemos que es la base de una alimentaci\u00f3n m\u00e1s sana de nuestros hijos. Por su apuesta y esfuerzo para hacer realidad este nuevo...","protected":false},"author":1,"featured_media":2283,"parent":2604,"menu_order":0,"comment_status":"closed","ping_status":"closed","template":"","meta":{"_acf_changed":false,"footnotes":""},"class_list":["post-2794","page","type-page","status-publish","has-post-thumbnail","hentry"],"acf":[],"_links":{"self":[{"href":"https:\/\/seberaltubeikastola.eus\/es\/wp-json\/wp\/v2\/pages\/2794","targetHints":{"allow":["GET"]}}],"collection":[{"href":"https:\/\/seberaltubeikastola.eus\/es\/wp-json\/wp\/v2\/pages"}],"about":[{"href":"https:\/\/seberaltubeikastola.eus\/es\/wp-json\/wp\/v2\/types\/page"}],"author":[{"embeddable":true,"href":"https:\/\/seberaltubeikastola.eus\/es\/wp-json\/wp\/v2\/users\/1"}],"replies":[{"embeddable":true,"href":"https:\/\/seberaltubeikastola.eus\/es\/wp-json\/wp\/v2\/comments?post=2794"}],"version-history":[{"count":1,"href":"https:\/\/seberaltubeikastola.eus\/es\/wp-json\/wp\/v2\/pages\/2794\/revisions"}],"predecessor-version":[{"id":2795,"href":"https:\/\/seberaltubeikastola.eus\/es\/wp-json\/wp\/v2\/pages\/2794\/revisions\/2795"}],"up":[{"embeddable":true,"href":"https:\/\/seberaltubeikastola.eus\/es\/wp-json\/wp\/v2\/pages\/2604"}],"wp:featuredmedia":[{"embeddable":true,"href":"https:\/\/seberaltubeikastola.eus\/es\/wp-json\/wp\/v2\/media\/2283"}],"wp:attachment":[{"href":"https:\/\/seberaltubeikastola.eus\/es\/wp-json\/wp\/v2\/media?parent=2794"}],"curies":[{"name":"wp","href":"https:\/\/api.w.org\/{rel}","templated":true}]}}