{"id":2799,"date":"2020-12-16T10:01:08","date_gmt":"2020-12-16T09:01:08","guid":{"rendered":"https:\/\/seberaltubeikastola.eus\/hezkuntza\/proiektuak\/ikasleen-parte-hartze-proiektua\/"},"modified":"2022-06-01T12:13:29","modified_gmt":"2022-06-01T11:13:29","slug":"ikasleen-parte-hartze-proiektua","status":"publish","type":"page","link":"https:\/\/seberaltubeikastola.eus\/es\/hezkuntza\/proiektuak\/ikasleen-parte-hartze-proiektua\/","title":{"rendered":"Ikasleen parte hartze proiektua"},"content":{"rendered":"<section class=\"l-section wpb_row height_medium\"><div class=\"l-section-h i-cf\"><div class=\"g-cols vc_row via_flex valign_top type_default stacking_default\"><div class=\"vc_col-sm-6 wpb_column vc_column_container\"><div class=\"vc_column-inner\"><div class=\"wpb_wrapper\"><div class=\"w-image align_none\"><div class=\"w-image-h\"><img decoding=\"async\" width=\"1024\" height=\"745\" src=\"https:\/\/seberaltubeikastola.eus\/wp-content\/uploads\/2020\/10\/ikasle-batzordea-copia.jpg\" class=\"attachment-large size-large\" alt=\"\" loading=\"lazy\" srcset=\"https:\/\/seberaltubeikastola.eus\/wp-content\/uploads\/2020\/10\/ikasle-batzordea-copia.jpg 1024w, https:\/\/seberaltubeikastola.eus\/wp-content\/uploads\/2020\/10\/ikasle-batzordea-copia-300x218.jpg 300w\" sizes=\"auto, (max-width: 1024px) 100vw, 1024px\" \/><\/div><\/div><\/div><\/div><\/div><div class=\"vc_col-sm-6 wpb_column vc_column_container\"><div class=\"vc_column-inner\"><div class=\"wpb_wrapper\"><div class=\"wpb_text_column\"><div class=\"wpb_wrapper\"><p>Los alumnos\/as son, sin duda, son el coraz\u00f3n de la ikastola. Estamos para ellos\/as, somos para ellos\/as.<\/p>\n<p>Y de eso para ellos, queremos pasar a ser con ellos. Cuando decimos que tenemos que poner al alumnado en el centro, a los participantes, a los cr\u00edticos, a los que saben colaborar, a los que van a desarrollar proyectos cuando decimos todos esos proyectos, porque necesitamos saber lo que ellos realmente quieren: darles la palabra y escuchar.<\/p>\n<p>Por eso pusimos en marcha un proyecto que pretende hacer que los alumnos\/as sean protagonistas: el objetivo es que las aportaciones y decisiones de los alumnos\/as en el d\u00eda a d\u00eda de la ikastola tengan su espacio y sus herramientas de encauzamiento. Se trata de un proyecto iniciado con el alumnado de la ESO: reuniones de alumnos, reuniones de delegados, comisi\u00f3n de alumnos\/as, asamblea general&#8230; En la ikastola hemos desarrollado una propuesta completa, los alumnos\/as han desarrollado una propuesta y han manifestado el tipo de ikastola que quieren: entre las propuestas realizadas en la organizaci\u00f3n de los espacios, en los contenidos, en los criterios de evaluaci\u00f3n, estamos en proceso de analizar qui\u00e9nes son y c\u00f3mo podemos encauzarlos. \u00a1Ya tenemos trabajo!<\/p>\n<\/div><\/div><\/div><\/div><\/div><\/div><\/div><\/section>\n","protected":false},"excerpt":{"rendered":"Los alumnos\/as son, sin duda, son el coraz\u00f3n de la ikastola. Estamos para ellos\/as, somos para ellos\/as. Y de eso para ellos, queremos pasar a ser con ellos. Cuando decimos que tenemos que poner al alumnado en el centro, a los participantes, a los cr\u00edticos, a los que saben colaborar, a los que van a...","protected":false},"author":1,"featured_media":2159,"parent":2604,"menu_order":0,"comment_status":"closed","ping_status":"closed","template":"","meta":{"_acf_changed":false,"footnotes":""},"class_list":["post-2799","page","type-page","status-publish","has-post-thumbnail","hentry"],"acf":[],"_links":{"self":[{"href":"https:\/\/seberaltubeikastola.eus\/es\/wp-json\/wp\/v2\/pages\/2799","targetHints":{"allow":["GET"]}}],"collection":[{"href":"https:\/\/seberaltubeikastola.eus\/es\/wp-json\/wp\/v2\/pages"}],"about":[{"href":"https:\/\/seberaltubeikastola.eus\/es\/wp-json\/wp\/v2\/types\/page"}],"author":[{"embeddable":true,"href":"https:\/\/seberaltubeikastola.eus\/es\/wp-json\/wp\/v2\/users\/1"}],"replies":[{"embeddable":true,"href":"https:\/\/seberaltubeikastola.eus\/es\/wp-json\/wp\/v2\/comments?post=2799"}],"version-history":[{"count":2,"href":"https:\/\/seberaltubeikastola.eus\/es\/wp-json\/wp\/v2\/pages\/2799\/revisions"}],"predecessor-version":[{"id":2801,"href":"https:\/\/seberaltubeikastola.eus\/es\/wp-json\/wp\/v2\/pages\/2799\/revisions\/2801"}],"up":[{"embeddable":true,"href":"https:\/\/seberaltubeikastola.eus\/es\/wp-json\/wp\/v2\/pages\/2604"}],"wp:featuredmedia":[{"embeddable":true,"href":"https:\/\/seberaltubeikastola.eus\/es\/wp-json\/wp\/v2\/media\/2159"}],"wp:attachment":[{"href":"https:\/\/seberaltubeikastola.eus\/es\/wp-json\/wp\/v2\/media?parent=2799"}],"curies":[{"name":"wp","href":"https:\/\/api.w.org\/{rel}","templated":true}]}}