{"id":2829,"date":"2020-08-14T11:05:54","date_gmt":"2020-08-14T10:05:54","guid":{"rendered":"https:\/\/seberaltubeikastola.eus\/zerbitzuak\/harrera-gela\/"},"modified":"2022-09-29T23:41:06","modified_gmt":"2022-09-29T22:41:06","slug":"harrera-gela","status":"publish","type":"page","link":"https:\/\/seberaltubeikastola.eus\/es\/zerbitzuak\/harrera-gela\/","title":{"rendered":"Harrera gela"},"content":{"rendered":"<section class=\"l-section wpb_row height_medium width_full\"><div class=\"l-section-h i-cf\"><div class=\"g-cols vc_row via_flex valign_top type_default stacking_default\"><div class=\"vc_col-sm-8 wpb_column vc_column_container\"><div class=\"vc_column-inner\"><div class=\"wpb_wrapper\"><div class=\"wpb_text_column\"><div class=\"wpb_wrapper\"><p>La <em>harrera gela<\/em> ofrece un servicio previo al inicio del horario lectivo.<\/p>\n<p>Este servicio cuenta con una programaci\u00f3n adaptada a las necesidades de los ni\u00f1os y ni\u00f1as.<\/p>\n<p>Horario de 8:00 a 9:00<\/p>\n<\/div><\/div><\/div><\/div><\/div><div class=\"vc_col-sm-4 wpb_column vc_column_container\"><div class=\"vc_column-inner\"><div class=\"wpb_wrapper\"><div class=\"w-image align_none\"><div class=\"w-image-h\"><img decoding=\"async\" width=\"1920\" height=\"1280\" src=\"https:\/\/seberaltubeikastola.eus\/wp-content\/uploads\/2020\/10\/Seber-WEB-57.jpg\" class=\"attachment-full size-full\" alt=\"\" loading=\"lazy\" srcset=\"https:\/\/seberaltubeikastola.eus\/wp-content\/uploads\/2020\/10\/Seber-WEB-57.jpg 1920w, https:\/\/seberaltubeikastola.eus\/wp-content\/uploads\/2020\/10\/Seber-WEB-57-300x200.jpg 300w, https:\/\/seberaltubeikastola.eus\/wp-content\/uploads\/2020\/10\/Seber-WEB-57-1024x683.jpg 1024w, https:\/\/seberaltubeikastola.eus\/wp-content\/uploads\/2020\/10\/Seber-WEB-57-391x260.jpg 391w\" sizes=\"auto, (max-width: 1920px) 100vw, 1920px\" \/><\/div><\/div><\/div><\/div><\/div><\/div><\/div><\/section>\n","protected":false},"excerpt":{"rendered":"La harrera gela ofrece un servicio previo al inicio del horario lectivo. Este servicio cuenta con una programaci\u00f3n adaptada a las necesidades de los ni\u00f1os y ni\u00f1as. Horario de 8:00 a 9:00","protected":false},"author":1,"featured_media":0,"parent":2807,"menu_order":0,"comment_status":"closed","ping_status":"closed","template":"","meta":{"_acf_changed":false,"footnotes":""},"class_list":["post-2829","page","type-page","status-publish","hentry"],"acf":[],"_links":{"self":[{"href":"https:\/\/seberaltubeikastola.eus\/es\/wp-json\/wp\/v2\/pages\/2829","targetHints":{"allow":["GET"]}}],"collection":[{"href":"https:\/\/seberaltubeikastola.eus\/es\/wp-json\/wp\/v2\/pages"}],"about":[{"href":"https:\/\/seberaltubeikastola.eus\/es\/wp-json\/wp\/v2\/types\/page"}],"author":[{"embeddable":true,"href":"https:\/\/seberaltubeikastola.eus\/es\/wp-json\/wp\/v2\/users\/1"}],"replies":[{"embeddable":true,"href":"https:\/\/seberaltubeikastola.eus\/es\/wp-json\/wp\/v2\/comments?post=2829"}],"version-history":[{"count":3,"href":"https:\/\/seberaltubeikastola.eus\/es\/wp-json\/wp\/v2\/pages\/2829\/revisions"}],"predecessor-version":[{"id":3163,"href":"https:\/\/seberaltubeikastola.eus\/es\/wp-json\/wp\/v2\/pages\/2829\/revisions\/3163"}],"up":[{"embeddable":true,"href":"https:\/\/seberaltubeikastola.eus\/es\/wp-json\/wp\/v2\/pages\/2807"}],"wp:attachment":[{"href":"https:\/\/seberaltubeikastola.eus\/es\/wp-json\/wp\/v2\/media?parent=2829"}],"curies":[{"name":"wp","href":"https:\/\/api.w.org\/{rel}","templated":true}]}}