{"id":2847,"date":"2020-08-14T11:19:14","date_gmt":"2020-08-14T10:19:14","guid":{"rendered":"https:\/\/seberaltubeikastola.eus\/parte-hartzea\/junta\/"},"modified":"2022-10-03T18:55:29","modified_gmt":"2022-10-03T17:55:29","slug":"junta","status":"publish","type":"page","link":"https:\/\/seberaltubeikastola.eus\/es\/parte-hartzea\/junta\/","title":{"rendered":"Junta"},"content":{"rendered":"<section class=\"l-section wpb_row height_medium width_full\"><div class=\"l-section-h i-cf\"><div class=\"g-cols vc_row via_flex valign_top type_default stacking_default\"><div class=\"vc_col-sm-6 wpb_column vc_column_container\"><div class=\"vc_column-inner\"><div class=\"wpb_wrapper\"><div class=\"wpb_text_column\"><div class=\"wpb_wrapper\"><ul>\n<li>La Junta est\u00e1 formada por las familias y cualquier cooperativista puede ser miembro de la misma.<\/li>\n<li>Las Juntas son elegidas por un per\u00edodo de 2 a\u00f1os. Pasado el plazo, la asamblea aprueba el cambio de juntera y el nuevo candidato\/a.<\/li>\n<li>Los candidatos\/as pueden presentarse por voluntad propia o ser propuestos por su actividad o perfil en la ikastola. La elecci\u00f3n de los miembros de la Junta requerir\u00e1 la voluntad de los candidatos\/as y la aprobaci\u00f3n de las asambleas.<\/li>\n<li>Toman las decisiones que tienen que tomar en el d\u00eda a d\u00eda, bas\u00e1ndose siempre en lo acordado por la asamblea.<\/li>\n<li>En Ikastolen Elkartea, el Ayuntamiento y cualquier otra instituci\u00f3n representan a nuestra cooperativa.<\/li>\n<li>Las reuniones se realizan cada 3 semanas.<\/li>\n<li>Los\/as participantes actuales son las siguientes:<\/li>\n<\/ul>\n<\/div><\/div><div class=\"wpb_text_column\"><div class=\"wpb_wrapper\"><table>\n<tbody>\n<tr>\n<td><strong>PRESIDENTA<\/strong><\/p>\n<p>Leire Lagunilla Ramos<\/td>\n<\/tr>\n<tr>\n<td><strong>VICEPRESIDENTA<\/strong><\/p>\n<p>Andrea Aiape Arbe<\/td>\n<\/tr>\n<tr>\n<td><strong>SECRETARIA<\/strong><\/p>\n<p>Iban Alkain Lopez \/ Idoia Fernandez Antia<\/td>\n<\/tr>\n<tr>\n<td><strong>TESORERO<\/strong><\/p>\n<p>Nerea Gutierrez Etxeandia<\/td>\n<\/tr>\n<tr>\n<td><strong>MIEMBROS DE LA COMISI\u00d3N:<\/strong><\/p>\n<p>Maria Aranburu Landa<br \/>\nEneko Hormaetxea Basabe<br \/>\nJoana Berriozabalgoitia Etxaniz<br \/>\nYolanda Bilbao Abad<br \/>\nItsasne Abaunza Ibarguengoitia<br \/>\nGoiatz Bideguren Sardui<br \/>\nEstibaliz Erkoreka Mendoza\n<\/td>\n<td><\/td>\n<\/tr>\n<\/tbody>\n<\/table>\n<\/div><\/div><\/div><\/div><\/div><div class=\"vc_col-sm-6 wpb_column vc_column_container\"><div class=\"vc_column-inner\"><div class=\"wpb_wrapper\"><div class=\"w-image align_none\"><div class=\"w-image-h\"><img decoding=\"async\" width=\"1440\" height=\"810\" src=\"https:\/\/seberaltubeikastola.eus\/wp-content\/uploads\/2020\/10\/junta.jpg\" class=\"attachment-full size-full\" alt=\"\" loading=\"lazy\" srcset=\"https:\/\/seberaltubeikastola.eus\/wp-content\/uploads\/2020\/10\/junta.jpg 1440w, https:\/\/seberaltubeikastola.eus\/wp-content\/uploads\/2020\/10\/junta-300x169.jpg 300w, https:\/\/seberaltubeikastola.eus\/wp-content\/uploads\/2020\/10\/junta-1024x576.jpg 1024w\" sizes=\"auto, (max-width: 1440px) 100vw, 1440px\" \/><\/div><\/div><\/div><\/div><\/div><\/div><\/div><\/section>\n","protected":false},"excerpt":{"rendered":"La Junta est\u00e1 formada por las familias y cualquier cooperativista puede ser miembro de la misma. Las Juntas son elegidas por un per\u00edodo de 2 a\u00f1os. Pasado el plazo, la asamblea aprueba el cambio de juntera y el nuevo candidato\/a. Los candidatos\/as pueden presentarse por voluntad propia o ser propuestos por su actividad o perfil...","protected":false},"author":9,"featured_media":0,"parent":2837,"menu_order":0,"comment_status":"closed","ping_status":"closed","template":"","meta":{"_acf_changed":false,"footnotes":""},"class_list":["post-2847","page","type-page","status-publish","hentry"],"acf":[],"_links":{"self":[{"href":"https:\/\/seberaltubeikastola.eus\/es\/wp-json\/wp\/v2\/pages\/2847","targetHints":{"allow":["GET"]}}],"collection":[{"href":"https:\/\/seberaltubeikastola.eus\/es\/wp-json\/wp\/v2\/pages"}],"about":[{"href":"https:\/\/seberaltubeikastola.eus\/es\/wp-json\/wp\/v2\/types\/page"}],"author":[{"embeddable":true,"href":"https:\/\/seberaltubeikastola.eus\/es\/wp-json\/wp\/v2\/users\/9"}],"replies":[{"embeddable":true,"href":"https:\/\/seberaltubeikastola.eus\/es\/wp-json\/wp\/v2\/comments?post=2847"}],"version-history":[{"count":5,"href":"https:\/\/seberaltubeikastola.eus\/es\/wp-json\/wp\/v2\/pages\/2847\/revisions"}],"predecessor-version":[{"id":3223,"href":"https:\/\/seberaltubeikastola.eus\/es\/wp-json\/wp\/v2\/pages\/2847\/revisions\/3223"}],"up":[{"embeddable":true,"href":"https:\/\/seberaltubeikastola.eus\/es\/wp-json\/wp\/v2\/pages\/2837"}],"wp:attachment":[{"href":"https:\/\/seberaltubeikastola.eus\/es\/wp-json\/wp\/v2\/media?parent=2847"}],"curies":[{"name":"wp","href":"https:\/\/api.w.org\/{rel}","templated":true}]}}