{"id":2851,"date":"2020-08-14T11:18:15","date_gmt":"2020-08-14T10:18:15","guid":{"rendered":"https:\/\/seberaltubeikastola.eus\/parte-hartzea\/klaustroa\/"},"modified":"2022-09-30T00:01:29","modified_gmt":"2022-09-29T23:01:29","slug":"klaustroa","status":"publish","type":"page","link":"https:\/\/seberaltubeikastola.eus\/es\/parte-hartzea\/klaustroa\/","title":{"rendered":"Claustro"},"content":{"rendered":"<section class=\"l-section wpb_row height_medium width_full\"><div class=\"l-section-h i-cf\"><div class=\"g-cols vc_row via_flex valign_top type_default stacking_default\"><div class=\"vc_col-sm-12 wpb_column vc_column_container\"><div class=\"vc_column-inner\"><div class=\"wpb_wrapper\"><div class=\"wpb_text_column\"><div class=\"wpb_wrapper\"><p>El claustro es la reuni\u00f3n general de profesores\/as para tratar y canalizar temas pedag\u00f3gicos, acad\u00e9micos y educativos: el lugar y el momento en el que el profesorado puede exponer los temas pedag\u00f3gicos que quiere analizar.<\/p>\n<p>Contamos con un equipo de profesor@s y profesionales dedicados a la mejora continua y a la formaci\u00f3n. Cada a\u00f1o participan en los once cursos que organiza Ikastolen Elkartea y eso nos lleva a estar formados en los temas de actualidad.<\/p>\n<p>Pero sin duda, lo mejor que tienen nuestr@s profesor@s es la cercan\u00eda con la que cuidan del alumnado y el ambiente que generan en la ikastola es lo que m\u00e1s se valora en la comunidad. Es algo que intentamos mimar: el cuidado mutuo.<\/p>\n<\/div><\/div><div class=\"w-image align_center\"><div class=\"w-image-h\"><img decoding=\"async\" width=\"967\" height=\"346\" src=\"https:\/\/seberaltubeikastola.eus\/wp-content\/uploads\/2020\/12\/Seber-Altube-2019-20-gida-76.jpg\" class=\"attachment-full size-full\" alt=\"\" loading=\"lazy\" srcset=\"https:\/\/seberaltubeikastola.eus\/wp-content\/uploads\/2020\/12\/Seber-Altube-2019-20-gida-76.jpg 967w, https:\/\/seberaltubeikastola.eus\/wp-content\/uploads\/2020\/12\/Seber-Altube-2019-20-gida-76-300x107.jpg 300w\" sizes=\"auto, (max-width: 967px) 100vw, 967px\" \/><\/div><\/div><\/div><\/div><\/div><\/div><\/div><\/section>\n","protected":false},"excerpt":{"rendered":"El claustro es la reuni\u00f3n general de profesores\/as para tratar y canalizar temas pedag\u00f3gicos, acad\u00e9micos y educativos: el lugar y el momento en el que el profesorado puede exponer los temas pedag\u00f3gicos que quiere analizar. Contamos con un equipo de profesor@s y profesionales dedicados a la mejora continua y a la formaci\u00f3n. Cada a\u00f1o participan...","protected":false},"author":9,"featured_media":0,"parent":2837,"menu_order":0,"comment_status":"closed","ping_status":"closed","template":"","meta":{"_acf_changed":false,"footnotes":""},"class_list":["post-2851","page","type-page","status-publish","hentry"],"acf":[],"_links":{"self":[{"href":"https:\/\/seberaltubeikastola.eus\/es\/wp-json\/wp\/v2\/pages\/2851","targetHints":{"allow":["GET"]}}],"collection":[{"href":"https:\/\/seberaltubeikastola.eus\/es\/wp-json\/wp\/v2\/pages"}],"about":[{"href":"https:\/\/seberaltubeikastola.eus\/es\/wp-json\/wp\/v2\/types\/page"}],"author":[{"embeddable":true,"href":"https:\/\/seberaltubeikastola.eus\/es\/wp-json\/wp\/v2\/users\/9"}],"replies":[{"embeddable":true,"href":"https:\/\/seberaltubeikastola.eus\/es\/wp-json\/wp\/v2\/comments?post=2851"}],"version-history":[{"count":3,"href":"https:\/\/seberaltubeikastola.eus\/es\/wp-json\/wp\/v2\/pages\/2851\/revisions"}],"predecessor-version":[{"id":3169,"href":"https:\/\/seberaltubeikastola.eus\/es\/wp-json\/wp\/v2\/pages\/2851\/revisions\/3169"}],"up":[{"embeddable":true,"href":"https:\/\/seberaltubeikastola.eus\/es\/wp-json\/wp\/v2\/pages\/2837"}],"wp:attachment":[{"href":"https:\/\/seberaltubeikastola.eus\/es\/wp-json\/wp\/v2\/media?parent=2851"}],"curies":[{"name":"wp","href":"https:\/\/api.w.org\/{rel}","templated":true}]}}