{"id":2859,"date":"2020-08-14T11:16:08","date_gmt":"2020-08-14T10:16:08","guid":{"rendered":"https:\/\/seberaltubeikastola.eus\/parte-hartzea\/ikasleen-batzordea\/"},"modified":"2022-09-30T00:05:00","modified_gmt":"2022-09-29T23:05:00","slug":"ikasleen-batzordea","status":"publish","type":"page","link":"https:\/\/seberaltubeikastola.eus\/es\/parte-hartzea\/ikasleen-batzordea\/","title":{"rendered":"Comisi\u00f3n de alumnos\/as"},"content":{"rendered":"<section class=\"l-section wpb_row height_medium width_full\"><div class=\"l-section-h i-cf\"><div class=\"g-cols vc_row via_flex valign_top type_default stacking_default\"><div class=\"vc_col-sm-8 wpb_column vc_column_container\"><div class=\"vc_column-inner\"><div class=\"wpb_wrapper\"><div class=\"wpb_text_column\"><div class=\"wpb_wrapper\"><p>L@s estudiantes son el coraz\u00f3n de Seber Altube. La ikastola es suya y para ell@s. Por eso, disponen de espacios propios para decir aquello que quieran y para facilitarles poder llevarlo a cabo. Brigadas verdes, responsables de comedor, sesiones de agenda 21, KIVA&#8230; En todas ellas la palabra es suya y participan activamente en la actividad diaria.<\/p>\n<p>Pero hemos querido ir m\u00e1s all\u00e1 y hemos buscado la forma de incorporar sus opiniones a las decisiones estrat\u00e9gicas de la ikastola: garantizar el derecho a participar en las decisiones que les afectan y, de paso, fomentar su opini\u00f3n cr\u00edtica, su compromiso, su habilidad para llegar a consensos&#8230;<\/p>\n<\/div><\/div><div class=\"w-html\"> <video controls>\n  <source src=\"\/wp-content\/uploads\/2020\/10\/Ikasleen-parte-hartzea.mp4\" type=\"video\/mp4\">\nYour browser does not support the video tag.\n<\/video> <\/div><\/div><\/div><\/div><div class=\"vc_col-sm-4 wpb_column vc_column_container\"><div class=\"vc_column-inner\"><div class=\"wpb_wrapper\"><div class=\"w-image align_none\"><div class=\"w-image-h\"><img decoding=\"async\" width=\"800\" height=\"2000\" src=\"https:\/\/seberaltubeikastola.eus\/wp-content\/uploads\/2020\/10\/Parte-hartzea-DBH-roxa.png\" class=\"attachment-full size-full\" alt=\"\" loading=\"lazy\" srcset=\"https:\/\/seberaltubeikastola.eus\/wp-content\/uploads\/2020\/10\/Parte-hartzea-DBH-roxa.png 800w, https:\/\/seberaltubeikastola.eus\/wp-content\/uploads\/2020\/10\/Parte-hartzea-DBH-roxa-120x300.png 120w, https:\/\/seberaltubeikastola.eus\/wp-content\/uploads\/2020\/10\/Parte-hartzea-DBH-roxa-410x1024.png 410w\" sizes=\"auto, (max-width: 800px) 100vw, 800px\" \/><\/div><\/div><\/div><\/div><\/div><\/div><\/div><\/section>\n","protected":false},"excerpt":{"rendered":"L@s estudiantes son el coraz\u00f3n de Seber Altube. La ikastola es suya y para ell@s. Por eso, disponen de espacios propios para decir aquello que quieran y para facilitarles poder llevarlo a cabo. Brigadas verdes, responsables de comedor, sesiones de agenda 21, KIVA&#8230; En todas ellas la palabra es suya y participan activamente en la...","protected":false},"author":9,"featured_media":0,"parent":2837,"menu_order":0,"comment_status":"closed","ping_status":"closed","template":"","meta":{"_acf_changed":false,"footnotes":""},"class_list":["post-2859","page","type-page","status-publish","hentry"],"acf":[],"_links":{"self":[{"href":"https:\/\/seberaltubeikastola.eus\/es\/wp-json\/wp\/v2\/pages\/2859","targetHints":{"allow":["GET"]}}],"collection":[{"href":"https:\/\/seberaltubeikastola.eus\/es\/wp-json\/wp\/v2\/pages"}],"about":[{"href":"https:\/\/seberaltubeikastola.eus\/es\/wp-json\/wp\/v2\/types\/page"}],"author":[{"embeddable":true,"href":"https:\/\/seberaltubeikastola.eus\/es\/wp-json\/wp\/v2\/users\/9"}],"replies":[{"embeddable":true,"href":"https:\/\/seberaltubeikastola.eus\/es\/wp-json\/wp\/v2\/comments?post=2859"}],"version-history":[{"count":4,"href":"https:\/\/seberaltubeikastola.eus\/es\/wp-json\/wp\/v2\/pages\/2859\/revisions"}],"predecessor-version":[{"id":3172,"href":"https:\/\/seberaltubeikastola.eus\/es\/wp-json\/wp\/v2\/pages\/2859\/revisions\/3172"}],"up":[{"embeddable":true,"href":"https:\/\/seberaltubeikastola.eus\/es\/wp-json\/wp\/v2\/pages\/2837"}],"wp:attachment":[{"href":"https:\/\/seberaltubeikastola.eus\/es\/wp-json\/wp\/v2\/media?parent=2859"}],"curies":[{"name":"wp","href":"https:\/\/api.w.org\/{rel}","templated":true}]}}