{"id":3440,"date":"2022-10-03T08:05:42","date_gmt":"2022-10-03T07:05:42","guid":{"rendered":"https:\/\/seberaltubeikastola.eus\/?page_id=3440"},"modified":"2023-04-18T08:45:21","modified_gmt":"2023-04-18T07:45:21","slug":"kirola","status":"publish","type":"page","link":"https:\/\/seberaltubeikastola.eus\/es\/hezkuntza\/kirola\/","title":{"rendered":"Deportes"},"content":{"rendered":"<section class=\"l-section wpb_row height_medium width_full\"><div class=\"l-section-h i-cf\"><div class=\"g-cols vc_row via_flex valign_top type_default stacking_default\"><div class=\"vc_col-sm-6 wpb_column vc_column_container\"><div class=\"vc_column-inner us_custom_432d3f53\"><div class=\"wpb_wrapper\"><div class=\"wpb_text_column\"><div class=\"wpb_wrapper\"><p>Hace tiempo que desarrollamos el Proyecto Deportivo de Seber Altube pero cada d\u00eda se va renovando. El deporte, adem\u00e1s de ser una herramienta para relacionarnos y desarrollar h\u00e1bitos saludables, creemos que es una herramienta perfecta para divertirnos entre amig@s.<\/p>\n<p>En la ikastola nos gustar\u00eda conseguir los siguientes objetivos en el \u00e1mbito deportivo:<\/p>\n<p>1.- Centrar el euskera y la cultura vasca en el deporte.<br \/>\n2.- Fomentar la participaci\u00f3n del alumnado en los diferentes deportes y garantizar la pr\u00e1ctica deportiva de todos.<br \/>\n3. Dar cabida a la diversidad y poner en valor la riqueza que supone la interacci\u00f3n entre diferentes.<br \/>\n4. Garantizar su desarrollo integral poniendo al alumno en el centro para ser felices y adquirir h\u00e1bitos saludables.<br \/>\n5. Reforzar la relaci\u00f3n con el entorno mediante el desarrollo de h\u00e1bitos saludables.<\/p>\n<\/div><\/div><div class=\"w-btn-wrapper align_none\"><a class=\"w-btn us-btn-style_1\" href=\"https:\/\/seberaltubeikastola.eus\/urteko-egutegia\/\"><span class=\"w-btn-label\">Calendario deportivo<\/span><\/a><\/div><div class=\"w-btn-wrapper align_none\"><a class=\"w-btn us-btn-style_1\" href=\"https:\/\/seberaltubeikastola.eus\/es\/hezkuntza\/kirola\/asteko-partidak\/\"><span class=\"w-btn-label\">Partidos de la semana<\/span><\/a><\/div><\/div><\/div><\/div><div class=\"vc_col-sm-6 wpb_column vc_column_container\"><div class=\"vc_column-inner\"><div class=\"wpb_wrapper\"><div class=\"w-slider style_none fit_scaledown nav_none count_8\"><div class=\"w-slider-h\" aria-hidden=\"true\"><div class=\"royalSlider\"><div class=\"rsContent\"><a class=\"rsImg\" data-rsw=\"960\" data-rsh=\"720\" href=\"https:\/\/seberaltubeikastola.eus\/wp-content\/uploads\/2020\/10\/kirola-2.jpg\"><span data-alt=\"\"><\/span><\/a><\/div><div class=\"rsContent\"><a class=\"rsImg\" data-rsw=\"960\" data-rsh=\"720\" href=\"https:\/\/seberaltubeikastola.eus\/wp-content\/uploads\/2020\/10\/kirola-11.jpg\"><span data-alt=\"\"><\/span><\/a><\/div><div class=\"rsContent\"><a class=\"rsImg\" data-rsw=\"960\" data-rsh=\"720\" href=\"https:\/\/seberaltubeikastola.eus\/wp-content\/uploads\/2020\/10\/KIROLA-12.jpg\"><span data-alt=\"\"><\/span><\/a><\/div><div class=\"rsContent\"><a class=\"rsImg\" data-rsw=\"785\" data-rsh=\"471\" href=\"https:\/\/seberaltubeikastola.eus\/wp-content\/uploads\/2020\/10\/KIROLA-13.jpg\"><span data-alt=\"\"><\/span><\/a><\/div><div class=\"rsContent\"><a class=\"rsImg\" data-rsw=\"960\" data-rsh=\"720\" href=\"https:\/\/seberaltubeikastola.eus\/wp-content\/uploads\/2020\/10\/KIROLA11.jpg\"><span data-alt=\"\"><\/span><\/a><\/div><div class=\"rsContent\"><a class=\"rsImg\" data-rsw=\"960\" data-rsh=\"720\" href=\"https:\/\/seberaltubeikastola.eus\/wp-content\/uploads\/2020\/10\/sokatira.jpg\"><span data-alt=\"\"><\/span><\/a><\/div><div class=\"rsContent\"><a class=\"rsImg\" data-rsw=\"960\" data-rsh=\"720\" href=\"https:\/\/seberaltubeikastola.eus\/wp-content\/uploads\/2020\/10\/futbola-1.jpg\"><span data-alt=\"\"><\/span><\/a><\/div><div class=\"rsContent\"><a class=\"rsImg\" data-rsw=\"960\" data-rsh=\"721\" href=\"https:\/\/seberaltubeikastola.eus\/wp-content\/uploads\/2020\/10\/kirola1.jpg\"><span data-alt=\"\"><\/span><\/a><\/div><\/div><img decoding=\"async\" src=\"https:\/\/seberaltubeikastola.eus\/wp-content\/uploads\/2020\/10\/kirola-2.jpg\" width=\"960\" height=\"720\" alt loading=\"lazy\"><\/div><div class=\"w-slider-json\" onclick='return {&quot;autoScaleSlider&quot;:true,&quot;addActiveClass&quot;:true,&quot;loop&quot;:true,&quot;fadeInLoadedSlide&quot;:false,&quot;slidesSpacing&quot;:0,&quot;imageScalePadding&quot;:0,&quot;numImagesToPreload&quot;:2,&quot;arrowsNav&quot;:true,&quot;arrowsNavAutoHide&quot;:false,&quot;transitionType&quot;:&quot;move&quot;,&quot;transitionSpeed&quot;:250,&quot;block&quot;:{&quot;moveEffect&quot;:&quot;none&quot;,&quot;speed&quot;:300},&quot;thumbs&quot;:{&quot;fitInViewport&quot;:false,&quot;firstMargin&quot;:false,&quot;spacing&quot;:4},&quot;controlNavigation&quot;:&quot;none&quot;,&quot;autoScaleSliderWidth&quot;:960,&quot;autoScaleSliderHeight&quot;:720}'><\/div><\/div><div class=\"w-btn-wrapper align_none\"><a class=\"w-btn us-btn-style_1\" href=\"https:\/\/seberaltubeikastola.eus\/parte-hartzea\/lan-taldeak\/kirola\/\"><span class=\"w-btn-label\">Kirol Lantaldea<\/span><\/a><\/div><div class=\"w-btn-wrapper align_none\"><a class=\"w-btn us-btn-style_1\" target=\"_blank\" rel=\"nofollow\" href=\"https:\/\/seberaltubeikastola.eus\/wp-content\/uploads\/2022\/12\/IKASTOLA-PROIEKTUA.pdf\"><span class=\"w-btn-label\">Proyecto Deportivo<\/span><\/a><\/div><div class=\"w-btn-wrapper align_none\"><a class=\"w-btn us-btn-style_1\" href=\"https:\/\/seberaltubeikastola.eus\/zerbitzuak\/kanpusa\/\"><span class=\"w-btn-label\">Campus<\/span><\/a><\/div><\/div><\/div><\/div><\/div><\/div><\/section><section class=\"l-section wpb_row height_medium width_full\"><div class=\"l-section-h i-cf\"><div class=\"g-cols vc_row via_flex valign_top type_default stacking_default\"><div class=\"vc_col-sm-6 wpb_column vc_column_container\"><div class=\"vc_column-inner\"><div class=\"wpb_wrapper\"><\/div><\/div><\/div><div class=\"vc_col-sm-6 wpb_column vc_column_container\"><div class=\"vc_column-inner\"><div class=\"wpb_wrapper\"><\/div><\/div><\/div><\/div><\/div><\/section>\n","protected":false},"excerpt":{"rendered":"Hace tiempo que desarrollamos el Proyecto Deportivo de Seber Altube pero cada d\u00eda se va renovando. El deporte, adem\u00e1s de ser una herramienta para relacionarnos y desarrollar h\u00e1bitos saludables, creemos que es una herramienta perfecta para divertirnos entre amig@s. En la ikastola nos gustar\u00eda conseguir los siguientes objetivos en el \u00e1mbito deportivo: 1.- Centrar el...","protected":false},"author":6,"featured_media":0,"parent":2647,"menu_order":0,"comment_status":"closed","ping_status":"closed","template":"","meta":{"_acf_changed":false,"footnotes":""},"class_list":["post-3440","page","type-page","status-publish","hentry"],"acf":[],"_links":{"self":[{"href":"https:\/\/seberaltubeikastola.eus\/es\/wp-json\/wp\/v2\/pages\/3440","targetHints":{"allow":["GET"]}}],"collection":[{"href":"https:\/\/seberaltubeikastola.eus\/es\/wp-json\/wp\/v2\/pages"}],"about":[{"href":"https:\/\/seberaltubeikastola.eus\/es\/wp-json\/wp\/v2\/types\/page"}],"author":[{"embeddable":true,"href":"https:\/\/seberaltubeikastola.eus\/es\/wp-json\/wp\/v2\/users\/6"}],"replies":[{"embeddable":true,"href":"https:\/\/seberaltubeikastola.eus\/es\/wp-json\/wp\/v2\/comments?post=3440"}],"version-history":[{"count":7,"href":"https:\/\/seberaltubeikastola.eus\/es\/wp-json\/wp\/v2\/pages\/3440\/revisions"}],"predecessor-version":[{"id":3654,"href":"https:\/\/seberaltubeikastola.eus\/es\/wp-json\/wp\/v2\/pages\/3440\/revisions\/3654"}],"up":[{"embeddable":true,"href":"https:\/\/seberaltubeikastola.eus\/es\/wp-json\/wp\/v2\/pages\/2647"}],"wp:attachment":[{"href":"https:\/\/seberaltubeikastola.eus\/es\/wp-json\/wp\/v2\/media?parent=3440"}],"curies":[{"name":"wp","href":"https:\/\/api.w.org\/{rel}","templated":true}]}}