{"id":55,"date":"2020-08-14T10:40:48","date_gmt":"2020-08-14T09:40:48","guid":{"rendered":"http:\/\/seberaltubeikastola.eus\/?page_id=55"},"modified":"2020-10-21T14:22:38","modified_gmt":"2020-10-21T13:22:38","slug":"albisteak","status":"publish","type":"page","link":"https:\/\/seberaltubeikastola.eus\/es\/albisteak\/","title":{"rendered":"Albisteak"},"content":{"rendered":"<section class=\"l-section wpb_row height_medium\"><div class=\"l-section-h i-cf\"><div class=\"g-cols vc_row via_flex valign_top type_default stacking_default\"><div class=\"vc_col-sm-12 wpb_column vc_column_container\"><div class=\"vc_column-inner\"><div class=\"wpb_wrapper\"><div class=\"w-grid us_grid type_grid layout_249 cols_3 overflow_hidden preload_style_spinner\" id=\"us_grid_1\" style=\"--columns:3;--gap:1.5rem;\" data-filterable=\"true\"><style>@media (max-width:1024px){#us_grid_1{--columns:2!important}}@media (max-width:600px){#us_grid_1{--columns:1!important}}.layout_249 .w-grid-item-h{background:var(--color-content-bg);color:var(--color-content-text);border-radius:0.3rem;box-shadow:0 0.03rem 0.06rem rgba(0,0,0,0.1),0 0.1rem 0.3rem rgba(0,0,0,0.1);transition-duration:0.3s}.no-touch .layout_249 .w-grid-item-h:hover{box-shadow:0 0.1rem 0.2rem rgba(0,0,0,0.1),0 0.33rem 1rem rgba(0,0,0,0.15);z-index:4}.layout_249 .usg_post_title_1{font-size:1.4rem!important;font-weight:700!important}.layout_249 .usg_vwrapper_1{padding:9% 11% 11% 11%!important}.layout_249 .usg_hwrapper_1{color:var(--color-content-faded)!important;font-size:0.9rem!important}@media (max-width:600px){.layout_249 .usg_post_title_1{font-size:1.2rem!important}}<\/style><div class=\"w-grid-list\">\t<article class=\"w-grid-item size_1x1 post-4982 post type-post status-publish format-standard has-post-thumbnail hentry category-albisteak\" data-id=\"4982\">\r\n\t\t<div class=\"w-grid-item-h\">\r\n\t\t\t\t\t\t<div class=\"w-post-elm post_image usg_post_image_1 stretched\"><a href=\"https:\/\/seberaltubeikastola.eus\/es\/erein-eta-erain-euskarari\/\" aria-label=\"EREIN ETA ERAIN EUSKARARI\"><img loading=\"lazy\" decoding=\"async\" width=\"768\" height=\"1024\" src=\"https:\/\/seberaltubeikastola.eus\/wp-content\/uploads\/2026\/02\/EREIN-ETA-ERAIN-EUSKARARI-768x1024.jpg\" class=\"attachment-large size-large wp-post-image\" alt=\"\" srcset=\"https:\/\/seberaltubeikastola.eus\/wp-content\/uploads\/2026\/02\/EREIN-ETA-ERAIN-EUSKARARI-768x1024.jpg 768w, https:\/\/seberaltubeikastola.eus\/wp-content\/uploads\/2026\/02\/EREIN-ETA-ERAIN-EUSKARARI-225x300.jpg 225w, https:\/\/seberaltubeikastola.eus\/wp-content\/uploads\/2026\/02\/EREIN-ETA-ERAIN-EUSKARARI-300x400.jpg 300w, https:\/\/seberaltubeikastola.eus\/wp-content\/uploads\/2026\/02\/EREIN-ETA-ERAIN-EUSKARARI.jpg 1920w\" sizes=\"auto, (max-width: 768px) 100vw, 768px\" \/><\/a><\/div><div class=\"w-vwrapper usg_vwrapper_1 align_left valign_top\"><h2 class=\"w-post-elm post_title usg_post_title_1 entry-title color_link_inherit\"><a href=\"https:\/\/seberaltubeikastola.eus\/es\/erein-eta-erain-euskarari\/\">EREIN ETA ERAIN EUSKARARI<\/a><\/h2><div class=\"w-hwrapper usg_hwrapper_1 has_text_color align_left valign_top wrap\"><time class=\"w-post-elm post_date usg_post_date_1 entry-date published\" datetime=\"2026-02-26T14:07:15+01:00\" title=\"26 febrero 2026 a las 14:07:15 +01:00\">26 Feb a las 14:07<\/time><div class=\"w-post-elm post_comments usg_post_comments_1 layout_amount color_link_inherit\"><i class=\"far fa-comments\"><\/i><a href=\"https:\/\/seberaltubeikastola.eus\/es\/erein-eta-erain-euskarari\/#respond\" class=\"smooth-scroll\">0<\/a><\/div><\/div><div class=\"w-post-elm post_content usg_post_content_1\">\ud835\udc0a\ud835\udc28\ud835\udc2b\ud835\udc2b\ud835\udc22\ud835\udc24\ud835\udc1a \ud835\udc24\ud835\udc2e\ud835\udc25\ud835\udc2d\ud835\udc2e\ud835\udc2b\ud835\udc1a\ud835\udc25\ud835\udc1e\ud835\udc24\ud835\udc28 \ud835\udc25\ud835\udc1e\ud835\udc21\ud835\udc1e\ud835\udc27 \ud835\udc1e\ud835\udc24\ud835\udc22\ud835\udc27\ud835\udc2d\ud835\udc33\ud835\udc1a \ud835\udc1b\ud835\udc1a\ud835\udc1d\ud835\udc1a\ud835\udc2d\ud835\udc28\ud835\udc2b!\u00a0 Euskararen Gizarte Eragileen Kontseiluak abenduan proposatu zigun enkarguari heldu diogu: gure herrietan euskaraz bizitzeko eta&hellip;<\/div><\/div>\t\t<\/div>\r\n\t\t\t<\/article>\r\n\t<article class=\"w-grid-item size_1x1 post-4959 post type-post status-publish format-standard has-post-thumbnail hentry category-albisteak\" data-id=\"4959\">\r\n\t\t<div class=\"w-grid-item-h\">\r\n\t\t\t\t\t\t<div class=\"w-post-elm post_image usg_post_image_1 stretched\"><a href=\"https:\/\/seberaltubeikastola.eus\/es\/matrikulazioa-zabalik\/\" aria-label=\"MATRIKULAZIOA ZABALIK\"><img loading=\"lazy\" decoding=\"async\" width=\"768\" height=\"1024\" src=\"https:\/\/seberaltubeikastola.eus\/wp-content\/uploads\/2026\/02\/MATRIKULA-ZABALIK-2026-768x1024.png\" class=\"attachment-large size-large wp-post-image\" alt=\"\" srcset=\"https:\/\/seberaltubeikastola.eus\/wp-content\/uploads\/2026\/02\/MATRIKULA-ZABALIK-2026-768x1024.png 768w, https:\/\/seberaltubeikastola.eus\/wp-content\/uploads\/2026\/02\/MATRIKULA-ZABALIK-2026-225x300.png 225w, https:\/\/seberaltubeikastola.eus\/wp-content\/uploads\/2026\/02\/MATRIKULA-ZABALIK-2026-300x400.png 300w, https:\/\/seberaltubeikastola.eus\/wp-content\/uploads\/2026\/02\/MATRIKULA-ZABALIK-2026-scaled.png 1920w\" sizes=\"auto, (max-width: 768px) 100vw, 768px\" \/><\/a><\/div><div class=\"w-vwrapper usg_vwrapper_1 align_left valign_top\"><h2 class=\"w-post-elm post_title usg_post_title_1 entry-title color_link_inherit\"><a href=\"https:\/\/seberaltubeikastola.eus\/es\/matrikulazioa-zabalik\/\">MATRIKULAZIOA ZABALIK<\/a><\/h2><div class=\"w-hwrapper usg_hwrapper_1 has_text_color align_left valign_top wrap\"><time class=\"w-post-elm post_date usg_post_date_1 entry-date published\" datetime=\"2026-02-11T12:20:39+01:00\" title=\"11 febrero 2026 a las 12:20:39 +01:00\">11 Feb a las 12:20<\/time><div class=\"w-post-elm post_comments usg_post_comments_1 layout_amount color_link_inherit\"><i class=\"far fa-comments\"><\/i><a href=\"https:\/\/seberaltubeikastola.eus\/es\/matrikulazioa-zabalik\/#respond\" class=\"smooth-scroll\">0<\/a><\/div><\/div><div class=\"w-post-elm post_content usg_post_content_1\">MATRIKULA ZABALIK | OTSAILAREN 2TIK 13RA Seber Altube Ikastolan haurra erdigunean jartzen dugu une oro. Bere erritmoak errespetatuz, bizipenetan oinarritutako&hellip;<\/div><\/div>\t\t<\/div>\r\n\t\t\t<\/article>\r\n\t<article class=\"w-grid-item size_1x1 post-4916 post type-post status-publish format-standard has-post-thumbnail hentry category-albisteak-es\" data-id=\"4916\">\r\n\t\t<div class=\"w-grid-item-h\">\r\n\t\t\t\t\t\t<div class=\"w-post-elm post_image usg_post_image_1 stretched\"><a href=\"https:\/\/seberaltubeikastola.eus\/es\/espectaculo-de-txulalai\/\" aria-label=\"ESPECT\u00c1CULO DE TXULALAI\"><img loading=\"lazy\" decoding=\"async\" width=\"819\" height=\"1024\" src=\"https:\/\/seberaltubeikastola.eus\/wp-content\/uploads\/2025\/12\/20260131-819x1024.png\" class=\"attachment-large size-large wp-post-image\" alt=\"\" srcset=\"https:\/\/seberaltubeikastola.eus\/wp-content\/uploads\/2025\/12\/20260131-819x1024.png 819w, https:\/\/seberaltubeikastola.eus\/wp-content\/uploads\/2025\/12\/20260131-240x300.png 240w, https:\/\/seberaltubeikastola.eus\/wp-content\/uploads\/2025\/12\/20260131.png 1080w\" sizes=\"auto, (max-width: 819px) 100vw, 819px\" \/><\/a><\/div><div class=\"w-vwrapper usg_vwrapper_1 align_left valign_top\"><h2 class=\"w-post-elm post_title usg_post_title_1 entry-title color_link_inherit\"><a href=\"https:\/\/seberaltubeikastola.eus\/es\/espectaculo-de-txulalai\/\">ESPECT\u00c1CULO DE TXULALAI<\/a><\/h2><div class=\"w-hwrapper usg_hwrapper_1 has_text_color align_left valign_top wrap\"><time class=\"w-post-elm post_date usg_post_date_1 entry-date published\" datetime=\"2025-12-23T09:30:33+01:00\" title=\"23 diciembre 2025 a las 09:30:33 +01:00\">23 de diciembre de 2025<\/time><div class=\"w-post-elm post_comments usg_post_comments_1 layout_amount color_link_inherit\"><i class=\"far fa-comments\"><\/i><a href=\"https:\/\/seberaltubeikastola.eus\/es\/espectaculo-de-txulalai\/#respond\" class=\"smooth-scroll\">0<\/a><\/div><\/div><div class=\"w-post-elm post_content usg_post_content_1\">La ikastola presenta una propuesta especial para todas las familias: el espect\u00e1culo Txulalai; una actuaci\u00f3n que combina m\u00fasica, color e&hellip;<\/div><\/div>\t\t<\/div>\r\n\t\t\t<\/article>\r\n\t<article class=\"w-grid-item size_1x1 post-4914 post type-post status-publish format-standard has-post-thumbnail hentry category-albisteak-es\" data-id=\"4914\">\r\n\t\t<div class=\"w-grid-item-h\">\r\n\t\t\t\t\t\t<div class=\"w-post-elm post_image usg_post_image_1 stretched\"><a href=\"https:\/\/seberaltubeikastola.eus\/es\/2025-26-puertas-abiertas\/\" aria-label=\"2025-26 PUERTAS ABIERTAS\"><img loading=\"lazy\" decoding=\"async\" width=\"768\" height=\"1024\" src=\"https:\/\/seberaltubeikastola.eus\/wp-content\/uploads\/2025\/12\/2025-26-MATRIKULAZIOA-ATE-IREKIAK--768x1024.png\" class=\"attachment-large size-large wp-post-image\" alt=\"\" srcset=\"https:\/\/seberaltubeikastola.eus\/wp-content\/uploads\/2025\/12\/2025-26-MATRIKULAZIOA-ATE-IREKIAK--768x1024.png 768w, https:\/\/seberaltubeikastola.eus\/wp-content\/uploads\/2025\/12\/2025-26-MATRIKULAZIOA-ATE-IREKIAK--225x300.png 225w, https:\/\/seberaltubeikastola.eus\/wp-content\/uploads\/2025\/12\/2025-26-MATRIKULAZIOA-ATE-IREKIAK--300x400.png 300w, https:\/\/seberaltubeikastola.eus\/wp-content\/uploads\/2025\/12\/2025-26-MATRIKULAZIOA-ATE-IREKIAK--scaled.png 1920w\" sizes=\"auto, (max-width: 768px) 100vw, 768px\" \/><\/a><\/div><div class=\"w-vwrapper usg_vwrapper_1 align_left valign_top\"><h2 class=\"w-post-elm post_title usg_post_title_1 entry-title color_link_inherit\"><a href=\"https:\/\/seberaltubeikastola.eus\/es\/2025-26-puertas-abiertas\/\">2025-26 PUERTAS ABIERTAS<\/a><\/h2><div class=\"w-hwrapper usg_hwrapper_1 has_text_color align_left valign_top wrap\"><time class=\"w-post-elm post_date usg_post_date_1 entry-date published\" datetime=\"2025-12-23T09:27:38+01:00\" title=\"23 diciembre 2025 a las 09:27:38 +01:00\">23 de diciembre de 2025<\/time><div class=\"w-post-elm post_comments usg_post_comments_1 layout_amount color_link_inherit\"><i class=\"far fa-comments\"><\/i><a href=\"https:\/\/seberaltubeikastola.eus\/es\/2025-26-puertas-abiertas\/#respond\" class=\"smooth-scroll\">0<\/a><\/div><\/div><div class=\"w-post-elm post_content usg_post_content_1\">BAGATOZ! El 17 de enero, a las 11 de la ma\u00f1ana, Jornada de Puertas Abiertas en la Ikastola Seber Altube!&hellip;<\/div><\/div>\t\t<\/div>\r\n\t\t\t<\/article>\r\n\t<article class=\"w-grid-item size_1x1 post-4911 post type-post status-publish format-standard has-post-thumbnail hentry category-albisteak\" data-id=\"4911\">\r\n\t\t<div class=\"w-grid-item-h\">\r\n\t\t\t\t\t\t<div class=\"w-post-elm post_image usg_post_image_1 stretched\"><a href=\"https:\/\/seberaltubeikastola.eus\/es\/txulalai-ikuskizuna-astran\/\" aria-label=\"TXULALAI IKUSKIZUNA ASTRAN\"><img loading=\"lazy\" decoding=\"async\" width=\"819\" height=\"1024\" src=\"https:\/\/seberaltubeikastola.eus\/wp-content\/uploads\/2025\/12\/20260131-819x1024.png\" class=\"attachment-large size-large wp-post-image\" alt=\"\" srcset=\"https:\/\/seberaltubeikastola.eus\/wp-content\/uploads\/2025\/12\/20260131-819x1024.png 819w, https:\/\/seberaltubeikastola.eus\/wp-content\/uploads\/2025\/12\/20260131-240x300.png 240w, https:\/\/seberaltubeikastola.eus\/wp-content\/uploads\/2025\/12\/20260131.png 1080w\" sizes=\"auto, (max-width: 819px) 100vw, 819px\" \/><\/a><\/div><div class=\"w-vwrapper usg_vwrapper_1 align_left valign_top\"><h2 class=\"w-post-elm post_title usg_post_title_1 entry-title color_link_inherit\"><a href=\"https:\/\/seberaltubeikastola.eus\/es\/txulalai-ikuskizuna-astran\/\">TXULALAI IKUSKIZUNA ASTRAN<\/a><\/h2><div class=\"w-hwrapper usg_hwrapper_1 has_text_color align_left valign_top wrap\"><time class=\"w-post-elm post_date usg_post_date_1 entry-date published\" datetime=\"2025-12-23T09:22:40+01:00\" title=\"23 diciembre 2025 a las 09:22:40 +01:00\">23 de diciembre de 2025<\/time><div class=\"w-post-elm post_comments usg_post_comments_1 layout_amount color_link_inherit\"><i class=\"far fa-comments\"><\/i><a href=\"https:\/\/seberaltubeikastola.eus\/es\/txulalai-ikuskizuna-astran\/#respond\" class=\"smooth-scroll\">0<\/a><\/div><\/div><div class=\"w-post-elm post_content usg_post_content_1\">Ikastolak familia guztientzako proposamen berezi bat aurkezten du: Txulalai ikuskizuna; musika, kolorea eta irudimena uztartzen dituen emanaldia. Eguna: Urtarrilaren 31&hellip;<\/div><\/div>\t\t<\/div>\r\n\t\t\t<\/article>\r\n\t<article class=\"w-grid-item size_1x1 post-4905 post type-post status-publish format-standard has-post-thumbnail hentry category-albisteak\" data-id=\"4905\">\r\n\t\t<div class=\"w-grid-item-h\">\r\n\t\t\t\t\t\t<div class=\"w-post-elm post_image usg_post_image_1 stretched\"><a href=\"https:\/\/seberaltubeikastola.eus\/es\/ate-irekiak-2\/\" aria-label=\"ATE IREKIAK!\"><img loading=\"lazy\" decoding=\"async\" width=\"768\" height=\"1024\" src=\"https:\/\/seberaltubeikastola.eus\/wp-content\/uploads\/2025\/12\/2025-26-MATRIKULAZIOA-ATE-IREKIAK--768x1024.png\" class=\"attachment-large size-large wp-post-image\" alt=\"\" srcset=\"https:\/\/seberaltubeikastola.eus\/wp-content\/uploads\/2025\/12\/2025-26-MATRIKULAZIOA-ATE-IREKIAK--768x1024.png 768w, https:\/\/seberaltubeikastola.eus\/wp-content\/uploads\/2025\/12\/2025-26-MATRIKULAZIOA-ATE-IREKIAK--225x300.png 225w, https:\/\/seberaltubeikastola.eus\/wp-content\/uploads\/2025\/12\/2025-26-MATRIKULAZIOA-ATE-IREKIAK--300x400.png 300w, https:\/\/seberaltubeikastola.eus\/wp-content\/uploads\/2025\/12\/2025-26-MATRIKULAZIOA-ATE-IREKIAK--scaled.png 1920w\" sizes=\"auto, (max-width: 768px) 100vw, 768px\" \/><\/a><\/div><div class=\"w-vwrapper usg_vwrapper_1 align_left valign_top\"><h2 class=\"w-post-elm post_title usg_post_title_1 entry-title color_link_inherit\"><a href=\"https:\/\/seberaltubeikastola.eus\/es\/ate-irekiak-2\/\">ATE IREKIAK!<\/a><\/h2><div class=\"w-hwrapper usg_hwrapper_1 has_text_color align_left valign_top wrap\"><time class=\"w-post-elm post_date usg_post_date_1 entry-date published\" datetime=\"2025-12-23T09:20:33+01:00\" title=\"23 diciembre 2025 a las 09:20:33 +01:00\">23 de diciembre de 2025<\/time><div class=\"w-post-elm post_comments usg_post_comments_1 layout_amount color_link_inherit\"><i class=\"far fa-comments\"><\/i><a href=\"https:\/\/seberaltubeikastola.eus\/es\/ate-irekiak-2\/#respond\" class=\"smooth-scroll\">0<\/a><\/div><\/div><div class=\"w-post-elm post_content usg_post_content_1\">BAGATOZ! Urtarrilaren 17an, goizeko 11etan, Ate Irekien Jardunaldia Seber Altube Ikastolan! Gure eguneroko lana, proiektu pedagogikoak eta ikastolako espazioak gertutik&hellip;<\/div><\/div>\t\t<\/div>\r\n\t\t\t<\/article>\r\n\t<article class=\"w-grid-item size_1x1 post-4865 post type-post status-publish format-standard has-post-thumbnail hentry category-albisteak\" data-id=\"4865\">\r\n\t\t<div class=\"w-grid-item-h\">\r\n\t\t\t\t\t\t<div class=\"w-post-elm post_image usg_post_image_1 stretched\"><a href=\"https:\/\/seberaltubeikastola.eus\/es\/errigora-kanpaina-martxan-da\/\" aria-label=\"ERRIGORA KANPAINA MARTXAN DA!\"><img loading=\"lazy\" decoding=\"async\" width=\"724\" height=\"1024\" src=\"https:\/\/seberaltubeikastola.eus\/wp-content\/uploads\/2025\/10\/ERRIGORA-724x1024.png\" class=\"attachment-large size-large wp-post-image\" alt=\"\" srcset=\"https:\/\/seberaltubeikastola.eus\/wp-content\/uploads\/2025\/10\/ERRIGORA-724x1024.png 724w, https:\/\/seberaltubeikastola.eus\/wp-content\/uploads\/2025\/10\/ERRIGORA-212x300.png 212w, https:\/\/seberaltubeikastola.eus\/wp-content\/uploads\/2025\/10\/ERRIGORA.png 1240w\" sizes=\"auto, (max-width: 724px) 100vw, 724px\" \/><\/a><\/div><div class=\"w-vwrapper usg_vwrapper_1 align_left valign_top\"><h2 class=\"w-post-elm post_title usg_post_title_1 entry-title color_link_inherit\"><a href=\"https:\/\/seberaltubeikastola.eus\/es\/errigora-kanpaina-martxan-da\/\">ERRIGORA KANPAINA MARTXAN DA!<\/a><\/h2><div class=\"w-hwrapper usg_hwrapper_1 has_text_color align_left valign_top wrap\"><time class=\"w-post-elm post_date usg_post_date_1 entry-date published\" datetime=\"2025-10-22T14:24:10+01:00\" title=\"22 octubre 2025 a las 14:24:10 +01:00\">22 de octubre de 2025<\/time><div class=\"w-post-elm post_comments usg_post_comments_1 layout_amount color_link_inherit\"><i class=\"far fa-comments\"><\/i><a href=\"https:\/\/seberaltubeikastola.eus\/es\/errigora-kanpaina-martxan-da\/#respond\" class=\"smooth-scroll\">0<\/a><\/div><\/div><div class=\"w-post-elm post_content usg_post_content_1\">Urriaren 23tik azaroaren 13ra bitartean, egin zure eskaera! Aurten ere Errigoraren kanpaina abian da, \u201cEuskarari Puzka\u201d lelopean. Kanpaina honen bidez,&hellip;<\/div><\/div>\t\t<\/div>\r\n\t\t\t<\/article>\r\n\t<article class=\"w-grid-item size_1x1 post-4855 post type-post status-publish format-standard has-post-thumbnail hentry category-albisteak\" data-id=\"4855\">\r\n\t\t<div class=\"w-grid-item-h\">\r\n\t\t\t\t\t\t<div class=\"w-post-elm post_image usg_post_image_1 stretched\"><a href=\"https:\/\/seberaltubeikastola.eus\/es\/urriko-azken-astelehenean-txosna\/\" aria-label=\"URRIKO AZKEN ASTELEHENEAN TXOSNA!\"><img loading=\"lazy\" decoding=\"async\" width=\"1024\" height=\"768\" src=\"https:\/\/seberaltubeikastola.eus\/wp-content\/uploads\/2025\/10\/IMG_2130-1024x768.jpg\" class=\"attachment-large size-large wp-post-image\" alt=\"\" srcset=\"https:\/\/seberaltubeikastola.eus\/wp-content\/uploads\/2025\/10\/IMG_2130-1024x768.jpg 1024w, https:\/\/seberaltubeikastola.eus\/wp-content\/uploads\/2025\/10\/IMG_2130-300x225.jpg 300w\" sizes=\"auto, (max-width: 1024px) 100vw, 1024px\" \/><\/a><\/div><div class=\"w-vwrapper usg_vwrapper_1 align_left valign_top\"><h2 class=\"w-post-elm post_title usg_post_title_1 entry-title color_link_inherit\"><a href=\"https:\/\/seberaltubeikastola.eus\/es\/urriko-azken-astelehenean-txosna\/\">URRIKO AZKEN ASTELEHENEAN TXOSNA!<\/a><\/h2><div class=\"w-hwrapper usg_hwrapper_1 has_text_color align_left valign_top wrap\"><time class=\"w-post-elm post_date usg_post_date_1 entry-date published\" datetime=\"2025-10-17T13:15:50+01:00\" title=\"17 octubre 2025 a las 13:15:50 +01:00\">17 de octubre de 2025<\/time><div class=\"w-post-elm post_comments usg_post_comments_1 layout_amount color_link_inherit\"><i class=\"far fa-comments\"><\/i><a href=\"https:\/\/seberaltubeikastola.eus\/es\/urriko-azken-astelehenean-txosna\/#respond\" class=\"smooth-scroll\">0<\/a><\/div><\/div><div class=\"w-post-elm post_content usg_post_content_1\">Seber Altube Ikastolan Bizipoza Lantaldea sortu zen iaz. Lantalde horren helburua ikastolako jaialdiak eta ikastola eta herria batzeko ekimenak martxan&hellip;<\/div><\/div>\t\t<\/div>\r\n\t\t\t<\/article>\r\n\t<article class=\"w-grid-item size_1x1 post-4684 post type-post status-publish format-standard has-post-thumbnail hentry category-albisteak\" data-id=\"4684\">\r\n\t\t<div class=\"w-grid-item-h\">\r\n\t\t\t\t\t\t<div class=\"w-post-elm post_image usg_post_image_1 stretched\"><a href=\"https:\/\/seberaltubeikastola.eus\/es\/2025-26-ikasturterako-unibertsitatez-kanpoko-beka-deialdia\/\" aria-label=\"2025-26 IKASTURTERAKO UNIBERTSITATEZ KANPOKO BEKA DEIALDIA\"><img loading=\"lazy\" decoding=\"async\" width=\"724\" height=\"1024\" src=\"https:\/\/seberaltubeikastola.eus\/wp-content\/uploads\/2025\/09\/BEKAK-2025-26-724x1024.jpg\" class=\"attachment-large size-large wp-post-image\" alt=\"\" srcset=\"https:\/\/seberaltubeikastola.eus\/wp-content\/uploads\/2025\/09\/BEKAK-2025-26-724x1024.jpg 724w, https:\/\/seberaltubeikastola.eus\/wp-content\/uploads\/2025\/09\/BEKAK-2025-26-212x300.jpg 212w, https:\/\/seberaltubeikastola.eus\/wp-content\/uploads\/2025\/09\/BEKAK-2025-26.jpg 1810w\" sizes=\"auto, (max-width: 724px) 100vw, 724px\" \/><\/a><\/div><div class=\"w-vwrapper usg_vwrapper_1 align_left valign_top\"><h2 class=\"w-post-elm post_title usg_post_title_1 entry-title color_link_inherit\"><a href=\"https:\/\/seberaltubeikastola.eus\/es\/2025-26-ikasturterako-unibertsitatez-kanpoko-beka-deialdia\/\">2025-26 IKASTURTERAKO UNIBERTSITATEZ KANPOKO BEKA DEIALDIA<\/a><\/h2><div class=\"w-hwrapper usg_hwrapper_1 has_text_color align_left valign_top wrap\"><time class=\"w-post-elm post_date usg_post_date_1 entry-date published\" datetime=\"2025-09-11T11:01:15+01:00\" title=\"11 septiembre 2025 a las 11:01:15 +01:00\">11 de septiembre de 2025<\/time><div class=\"w-post-elm post_comments usg_post_comments_1 layout_amount color_link_inherit\"><i class=\"far fa-comments\"><\/i><a href=\"https:\/\/seberaltubeikastola.eus\/es\/2025-26-ikasturterako-unibertsitatez-kanpoko-beka-deialdia\/#respond\" class=\"smooth-scroll\">0<\/a><\/div><\/div><div class=\"w-post-elm post_content usg_post_content_1\">2025-2026 ikasturterako unibertsitatez kanpoko ikasleen beka eskaerak egiteko epea zabalik da. Eskaera egiteko epeak: Online eskaerak egiteko azken eguna: urriaren&hellip;<\/div><\/div>\t\t<\/div>\r\n\t\t\t<\/article>\r\n\t<article class=\"w-grid-item size_1x1 post-4688 post type-post status-publish format-standard has-post-thumbnail hentry category-albisteak\" data-id=\"4688\">\r\n\t\t<div class=\"w-grid-item-h\">\r\n\t\t\t\t\t\t<div class=\"w-post-elm post_image usg_post_image_1 stretched\"><a href=\"https:\/\/seberaltubeikastola.eus\/es\/matrikula-urte-osoan-zabalik\/\" aria-label=\"MATRIKULA URTE OSOAN ZABALIK\"><img loading=\"lazy\" decoding=\"async\" width=\"1024\" height=\"768\" src=\"https:\/\/seberaltubeikastola.eus\/wp-content\/uploads\/2025\/09\/IMG_7311-1024x768.jpg\" class=\"attachment-large size-large wp-post-image\" alt=\"\" srcset=\"https:\/\/seberaltubeikastola.eus\/wp-content\/uploads\/2025\/09\/IMG_7311-1024x768.jpg 1024w, https:\/\/seberaltubeikastola.eus\/wp-content\/uploads\/2025\/09\/IMG_7311-300x225.jpg 300w\" sizes=\"auto, (max-width: 1024px) 100vw, 1024px\" \/><\/a><\/div><div class=\"w-vwrapper usg_vwrapper_1 align_left valign_top\"><h2 class=\"w-post-elm post_title usg_post_title_1 entry-title color_link_inherit\"><a href=\"https:\/\/seberaltubeikastola.eus\/es\/matrikula-urte-osoan-zabalik\/\">MATRIKULA URTE OSOAN ZABALIK<\/a><\/h2><div class=\"w-hwrapper usg_hwrapper_1 has_text_color align_left valign_top wrap\"><time class=\"w-post-elm post_date usg_post_date_1 entry-date published\" datetime=\"2025-09-10T11:05:07+01:00\" title=\"10 septiembre 2025 a las 11:05:07 +01:00\">10 de septiembre de 2025<\/time><div class=\"w-post-elm post_comments usg_post_comments_1 layout_amount color_link_inherit\"><i class=\"far fa-comments\"><\/i><a href=\"https:\/\/seberaltubeikastola.eus\/es\/matrikula-urte-osoan-zabalik\/#respond\" class=\"smooth-scroll\">0<\/a><\/div><\/div><div class=\"w-post-elm post_content usg_post_content_1\">Seber Altube Ikastolan, 0-16 urte arteko MATRIKULA ZABALIK! Gure espazioak, metodologia eta hezkuntza-proiektuak ezagutu nahi?Deitu edo idatzi:\ud83d\udcde 94 627 00&hellip;<\/div><\/div>\t\t<\/div>\r\n\t\t\t<\/article>\r\n<\/div>\t<div class=\"w-grid-preloader\">\r\n\t\t<div class=\"g-preloader type_1\">\r\n\t\t\t<div><\/div>\r\n\t\t<\/div>\r\n\t<\/div>\r\n\t\t<div class=\"w-grid-json hidden\" onclick='return {&quot;action&quot;:&quot;us_ajax_grid&quot;,&quot;infinite_scroll&quot;:0,&quot;max_num_pages&quot;:6,&quot;pagination&quot;:&quot;none&quot;,&quot;template_vars&quot;:{&quot;columns&quot;:&quot;3&quot;,&quot;exclude_items&quot;:&quot;none&quot;,&quot;img_size&quot;:&quot;default&quot;,&quot;ignore_items_size&quot;:0,&quot;items_layout&quot;:&quot;249&quot;,&quot;items_offset&quot;:&quot;1&quot;,&quot;load_animation&quot;:&quot;none&quot;,&quot;overriding_link&quot;:&quot;{\\&quot;url\\&quot;:\\&quot;\\&quot;}&quot;,&quot;post_id&quot;:0,&quot;query_args&quot;:{&quot;post_type&quot;:[&quot;post&quot;],&quot;tax_query&quot;:[{&quot;taxonomy&quot;:&quot;category&quot;,&quot;field&quot;:&quot;slug&quot;,&quot;terms&quot;:[&quot;albisteak&quot;]}],&quot;post_status&quot;:[&quot;publish&quot;,&quot;acf-disabled&quot;],&quot;posts_per_page&quot;:&quot;10&quot;},&quot;orderby_query_args&quot;:{&quot;orderby&quot;:{&quot;date&quot;:&quot;DESC&quot;}},&quot;type&quot;:&quot;grid&quot;,&quot;us_grid_post_type&quot;:&quot;post&quot;,&quot;us_grid_ajax_index&quot;:1,&quot;us_grid_filter_query_string&quot;:null,&quot;us_grid_index&quot;:1,&quot;page_args&quot;:[],&quot;lang&quot;:&quot;es&quot;}}'><\/div>\r\n\t<\/div><\/div><\/div><\/div><\/div><\/div><\/section>\n","protected":false},"excerpt":{"rendered":"Seber Altube Ikastolan, 0-16 urte arteko MATRIKULA ZABALIK! Gure espazioak, metodologia eta hezkuntza-proiektuak ezagutu nahi?Deitu edo idatzi:\ud83d\udcde 94 627 00 03\ud83d\udce9 seber@ikastola.eus Goizez zein arratsaldez, bisita pertsonalizatuak eskaintzen ditugu familientzat. Haurreskola DOAN! Gure ikastola zurea ere badelako, denona!","protected":false},"author":1,"featured_media":0,"parent":0,"menu_order":0,"comment_status":"closed","ping_status":"closed","template":"","meta":{"_acf_changed":false,"footnotes":""},"class_list":["post-55","page","type-page","status-publish","hentry"],"acf":[],"_links":{"self":[{"href":"https:\/\/seberaltubeikastola.eus\/es\/wp-json\/wp\/v2\/pages\/55","targetHints":{"allow":["GET"]}}],"collection":[{"href":"https:\/\/seberaltubeikastola.eus\/es\/wp-json\/wp\/v2\/pages"}],"about":[{"href":"https:\/\/seberaltubeikastola.eus\/es\/wp-json\/wp\/v2\/types\/page"}],"author":[{"embeddable":true,"href":"https:\/\/seberaltubeikastola.eus\/es\/wp-json\/wp\/v2\/users\/1"}],"replies":[{"embeddable":true,"href":"https:\/\/seberaltubeikastola.eus\/es\/wp-json\/wp\/v2\/comments?post=55"}],"version-history":[{"count":6,"href":"https:\/\/seberaltubeikastola.eus\/es\/wp-json\/wp\/v2\/pages\/55\/revisions"}],"predecessor-version":[{"id":139,"href":"https:\/\/seberaltubeikastola.eus\/es\/wp-json\/wp\/v2\/pages\/55\/revisions\/139"}],"wp:attachment":[{"href":"https:\/\/seberaltubeikastola.eus\/es\/wp-json\/wp\/v2\/media?parent=55"}],"curies":[{"name":"wp","href":"https:\/\/api.w.org\/{rel}","templated":true}]}}